{"id":912,"date":"2021-03-05T16:06:02","date_gmt":"2021-03-05T09:06:02","guid":{"rendered":"http:\/\/villa-panda.com\/?page_id=912"},"modified":"2024-06-25T22:09:02","modified_gmt":"2024-06-25T15:09:02","slug":"villa-panda","status":"publish","type":"page","link":"https:\/\/villa-panda.com\/en\/villa-panda\/","title":{"rendered":"(Ti\u1ebfng Vi\u1ec7t) Villa Panda"},"content":{"rendered":"\t\t<div data-elementor-type=\"wp-page\" data-elementor-id=\"912\" class=\"elementor elementor-912\" data-elementor-settings=\"[]\">\n\t\t\t\t\t\t<div class=\"elementor-inner\">\n\t\t\t\t\t\t\t<div class=\"elementor-section-wrap\">\n\t\t\t\t\t\t\t<section class=\"elementor-section elementor-top-section elementor-element elementor-element-0ad20c6 elementor-section-full_width elementor-section-height-default elementor-section-height-default\" data-id=\"0ad20c6\" data-element_type=\"section\" data-settings=\"{&quot;background_background&quot;:&quot;video&quot;}\">\n\t\t\t\t\t\t\t<div class=\"elementor-background-overlay\"><\/div>\n\t\t\t\t\t\t\t<div class=\"elementor-container elementor-column-gap-default\">\n\t\t\t\t\t\t\t<div class=\"elementor-row\">\n\t\t\t\t\t<div class=\"elementor-column elementor-col-50 elementor-top-column elementor-element elementor-element-55944b9\" data-id=\"55944b9\" data-element_type=\"column\">\n\t\t\t<div class=\"elementor-column-wrap elementor-element-populated\">\n\t\t\t\t\t\t\t<div class=\"elementor-widget-wrap\">\n\t\t\t\t\t\t<div class=\"elementor-element elementor-element-10abdb9 elementor-position-top elementor-vertical-align-top elementor-widget elementor-widget-image-box\" data-id=\"10abdb9\" data-element_type=\"widget\" data-widget_type=\"image-box.default\">\n\t\t\t\t<div class=\"elementor-widget-container\">\n\t\t\t<div class=\"elementor-image-box-wrapper\"><figure class=\"elementor-image-box-img\"><img width=\"1600\" height=\"1000\" src=\"https:\/\/villa-panda.com\/wp-content\/uploads\/2020\/05\/9.jpg\" class=\"attachment-full size-full\" alt=\"\" decoding=\"async\" loading=\"lazy\" srcset=\"https:\/\/villa-panda.com\/wp-content\/uploads\/2020\/05\/9.jpg 1600w, https:\/\/villa-panda.com\/wp-content\/uploads\/2020\/05\/9-300x188.jpg 300w, https:\/\/villa-panda.com\/wp-content\/uploads\/2020\/05\/9-768x480.jpg 768w, https:\/\/villa-panda.com\/wp-content\/uploads\/2020\/05\/9-1536x960.jpg 1536w\" sizes=\"(max-width: 1600px) 100vw, 1600px\" \/><\/figure><div class=\"elementor-image-box-content\"><h3 class=\"elementor-image-box-title\">Villa Panda Sealinks Phan Thi\u1ebft<\/h3><p class=\"elementor-image-box-description\">Villa Panda n\u1eb1m trong khu ngh\u1ec9 d\u01b0\u1ee1ng n\u0103m sao cao c\u1ea5p b\u1eadc nh\u1ea5t M\u0169i N\u00e9, c\u00e1ch TP.HCM 200 km, \u0111\u01b0\u1ee3c t\u1ecda l\u1ea1c tr\u00ean \u0111\u1ed3i c\u00e1t thu\u1ed9c khu s\u00e2n g\u00f4n 18 l\u1ed7, kh\u00e1ch s\u1ea1n 5 sao v\u1edbi h\u1ed3 b\u01a1i sang tr\u1ecdng r\u1ed9ng 5000 m2 v\u00e0 ng\u1eafm nh\u00ecn bi\u1ec3n tuy\u1ec7t \u0111\u1eb9p.\n<\/p><\/div><\/div>\t\t<\/div>\n\t\t\t\t<\/div>\n\t\t\t\t\t\t<\/div>\n\t\t\t\t\t<\/div>\n\t\t<\/div>\n\t\t\t\t<div class=\"elementor-column elementor-col-50 elementor-top-column elementor-element elementor-element-8ff83da\" data-id=\"8ff83da\" data-element_type=\"column\">\n\t\t\t<div class=\"elementor-column-wrap elementor-element-populated\">\n\t\t\t\t\t\t\t<div class=\"elementor-widget-wrap\">\n\t\t\t\t\t\t<div class=\"elementor-element elementor-element-663d1a2 elementor-position-top elementor-vertical-align-top elementor-widget elementor-widget-image-box\" data-id=\"663d1a2\" data-element_type=\"widget\" data-widget_type=\"image-box.default\">\n\t\t\t\t<div class=\"elementor-widget-container\">\n\t\t\t<div class=\"elementor-image-box-wrapper\"><figure class=\"elementor-image-box-img\"><a href=\"http:\/\/villa-panda.com\/biet-thu-ho-tram\/\"><img width=\"2048\" height=\"1365\" src=\"https:\/\/villa-panda.com\/wp-content\/uploads\/2021\/03\/z2365734867075_269f3dfe5fcbba519d6a4253b74a24c2.jpg\" class=\"attachment-full size-full\" alt=\"\" decoding=\"async\" loading=\"lazy\" srcset=\"https:\/\/villa-panda.com\/wp-content\/uploads\/2021\/03\/z2365734867075_269f3dfe5fcbba519d6a4253b74a24c2.jpg 2048w, https:\/\/villa-panda.com\/wp-content\/uploads\/2021\/03\/z2365734867075_269f3dfe5fcbba519d6a4253b74a24c2-300x200.jpg 300w, https:\/\/villa-panda.com\/wp-content\/uploads\/2021\/03\/z2365734867075_269f3dfe5fcbba519d6a4253b74a24c2-2024x1349.jpg 2024w, https:\/\/villa-panda.com\/wp-content\/uploads\/2021\/03\/z2365734867075_269f3dfe5fcbba519d6a4253b74a24c2-768x512.jpg 768w, https:\/\/villa-panda.com\/wp-content\/uploads\/2021\/03\/z2365734867075_269f3dfe5fcbba519d6a4253b74a24c2-1536x1024.jpg 1536w\" sizes=\"(max-width: 2048px) 100vw, 2048px\" \/><\/a><\/figure><div class=\"elementor-image-box-content\"><h3 class=\"elementor-image-box-title\"><a href=\"http:\/\/villa-panda.com\/biet-thu-ho-tram\/\">Villa Panda Sanctuary H\u1ed3 Tr\u00e0m<\/a><\/h3><p class=\"elementor-image-box-description\">Trong tr\u1ebbo v\u00e0 quy\u1ebfn r\u0169 b\u1edfi nh\u1eefng s\u1eafc m\u00e0u \u0111\u00e2m ch\u1ea5t \u0110\u1ecba Trung H\u00e0i, kh\u00f4ng gian t\u1ea1i Villa Panda H\u1ed3 Tr\u00e0m l\u00e0 giai \u0111i\u1ec7u ng\u1ecdt ng\u00e0o gi\u1eefa n\u0103ng, gi\u00f3 v\u00e0 mi\u1ec1n thi\u00ean nhi\u00ean \u0111\u1eb9p \u0111\u1ebfn ng\u1ee1 ng\u00e0ng th\u00f4ng qua ng\u00f4n ng\u1eef thi\u1ebft k\u1ebf ki\u1ebfn tr\u00fac tinh t\u1ebf\n\n<\/p><\/div><\/div>\t\t<\/div>\n\t\t\t\t<\/div>\n\t\t\t\t\t\t<\/div>\n\t\t\t\t\t<\/div>\n\t\t<\/div>\n\t\t\t\t\t\t\t\t<\/div>\n\t\t\t\t\t<\/div>\n\t\t<\/section>\n\t\t\t\t\t\t<\/div>\n\t\t\t\t\t\t<\/div>\n\t\t\t\t\t<\/div>\n\t\t","protected":false},"excerpt":{"rendered":"<p>Villa Panda Sealinks Phan Thi\u1ebft Villa Panda n\u1eb1m trong khu ngh\u1ec9 d\u01b0\u1ee1ng n\u0103m sao cao c\u1ea5p b\u1eadc nh\u1ea5t M\u0169i N\u00e9, c\u00e1ch TP.HCM 200 km, \u0111\u01b0\u1ee3c t\u1ecda l\u1ea1c tr\u00ean \u0111\u1ed3i c\u00e1t thu\u1ed9c khu s\u00e2n g\u00f4n 18 l\u1ed7, kh\u00e1ch s\u1ea1n 5 sao v\u1edbi h\u1ed3 b\u01a1i sang tr\u1ecdng r\u1ed9ng 5000 m2 v\u00e0 ng\u1eafm nh\u00ecn bi\u1ec3n tuy\u1ec7t \u0111\u1eb9p. Villa [&#8230;]\n","protected":false},"author":1,"featured_media":0,"parent":0,"menu_order":0,"comment_status":"closed","ping_status":"closed","template":"elementor_header_footer","meta":[],"yoast_head":"<!-- This site is optimized with the Yoast SEO Premium plugin v16.0.2 - https:\/\/yoast.com\/wordpress\/plugins\/seo\/ -->\n<title>(Ti\u1ebfng Vi\u1ec7t) Villa Panda - Villa Panda Mui Ne<\/title>\n<link rel=\"canonical\" href=\"https:\/\/villa-panda.com\/villa-panda\/\" \/>\n<meta property=\"og:locale\" content=\"en_US\" \/>\n<meta property=\"og:type\" content=\"article\" \/>\n<meta property=\"og:title\" content=\"(Ti\u1ebfng Vi\u1ec7t) Villa Panda - Villa Panda Mui Ne\" \/>\n<meta property=\"og:description\" content=\"Villa Panda Sealinks Phan Thi\u1ebft Villa Panda n\u1eb1m trong khu ngh\u1ec9 d\u01b0\u1ee1ng n\u0103m sao cao c\u1ea5p b\u1eadc nh\u1ea5t M\u0169i N\u00e9, c\u00e1ch TP.HCM 200 km, \u0111\u01b0\u1ee3c t\u1ecda l\u1ea1c tr\u00ean \u0111\u1ed3i c\u00e1t thu\u1ed9c khu s\u00e2n g\u00f4n 18 l\u1ed7, kh\u00e1ch s\u1ea1n 5 sao v\u1edbi h\u1ed3 b\u01a1i sang tr\u1ecdng r\u1ed9ng 5000 m2 v\u00e0 ng\u1eafm nh\u00ecn bi\u1ec3n tuy\u1ec7t \u0111\u1eb9p. Villa [...]\" \/>\n<meta property=\"og:url\" content=\"https:\/\/villa-panda.com\/villa-panda\/\" \/>\n<meta property=\"og:site_name\" content=\"Villa Panda Mui Ne\" \/>\n<meta property=\"article:modified_time\" content=\"2024-06-25T15:09:02+00:00\" \/>\n<meta property=\"og:image\" content=\"http:\/\/villa-panda.com\/wp-content\/uploads\/2020\/05\/9.jpg\" \/>\n<meta name=\"twitter:card\" content=\"summary_large_image\" \/>\n<meta name=\"twitter:label1\" content=\"Est. reading time\">\n\t<meta name=\"twitter:data1\" content=\"1 minute\">\n<script type=\"application\/ld+json\" class=\"yoast-schema-graph\">{\"@context\":\"https:\/\/schema.org\",\"@graph\":[{\"@type\":\"WebSite\",\"@id\":\"https:\/\/villa-panda.com\/#website\",\"url\":\"https:\/\/villa-panda.com\/\",\"name\":\"Villa Panda Mui Ne\",\"description\":\"at Sea Links Golf Resort\",\"potentialAction\":[{\"@type\":\"SearchAction\",\"target\":\"https:\/\/villa-panda.com\/?s={search_term_string}\",\"query-input\":\"required name=search_term_string\"}],\"inLanguage\":\"en-US\"},{\"@type\":\"ImageObject\",\"@id\":\"https:\/\/villa-panda.com\/villa-panda\/#primaryimage\",\"inLanguage\":\"en-US\",\"url\":\"http:\/\/villa-panda.com\/wp-content\/uploads\/2020\/05\/9.jpg\"},{\"@type\":\"WebPage\",\"@id\":\"https:\/\/villa-panda.com\/villa-panda\/#webpage\",\"url\":\"https:\/\/villa-panda.com\/villa-panda\/\",\"name\":\"(Ti\\u1ebfng Vi\\u1ec7t) Villa Panda - Villa Panda Mui Ne\",\"isPartOf\":{\"@id\":\"https:\/\/villa-panda.com\/#website\"},\"primaryImageOfPage\":{\"@id\":\"https:\/\/villa-panda.com\/villa-panda\/#primaryimage\"},\"datePublished\":\"2021-03-05T09:06:02+00:00\",\"dateModified\":\"2024-06-25T15:09:02+00:00\",\"breadcrumb\":{\"@id\":\"https:\/\/villa-panda.com\/villa-panda\/#breadcrumb\"},\"inLanguage\":\"en-US\",\"potentialAction\":[{\"@type\":\"ReadAction\",\"target\":[\"https:\/\/villa-panda.com\/villa-panda\/\"]}]},{\"@type\":\"BreadcrumbList\",\"@id\":\"https:\/\/villa-panda.com\/villa-panda\/#breadcrumb\",\"itemListElement\":[{\"@type\":\"ListItem\",\"position\":1,\"item\":{\"@type\":\"WebPage\",\"@id\":\"https:\/\/villa-panda.com\/\",\"url\":\"https:\/\/villa-panda.com\/\",\"name\":\"Home\"}},{\"@type\":\"ListItem\",\"position\":2,\"item\":{\"@type\":\"WebPage\",\"@id\":\"https:\/\/villa-panda.com\/villa-panda\/\",\"url\":\"https:\/\/villa-panda.com\/villa-panda\/\",\"name\":\"[:vi]Villa Panda[:]\"}}]}]}<\/script>\n<!-- \/ Yoast SEO Premium plugin. -->","_links":{"self":[{"href":"https:\/\/villa-panda.com\/en\/wp-json\/wp\/v2\/pages\/912"}],"collection":[{"href":"https:\/\/villa-panda.com\/en\/wp-json\/wp\/v2\/pages"}],"about":[{"href":"https:\/\/villa-panda.com\/en\/wp-json\/wp\/v2\/types\/page"}],"author":[{"embeddable":true,"href":"https:\/\/villa-panda.com\/en\/wp-json\/wp\/v2\/users\/1"}],"replies":[{"embeddable":true,"href":"https:\/\/villa-panda.com\/en\/wp-json\/wp\/v2\/comments?post=912"}],"version-history":[{"count":20,"href":"https:\/\/villa-panda.com\/en\/wp-json\/wp\/v2\/pages\/912\/revisions"}],"predecessor-version":[{"id":960,"href":"https:\/\/villa-panda.com\/en\/wp-json\/wp\/v2\/pages\/912\/revisions\/960"}],"wp:attachment":[{"href":"https:\/\/villa-panda.com\/en\/wp-json\/wp\/v2\/media?parent=912"}],"curies":[{"name":"wp","href":"https:\/\/api.w.org\/{rel}","templated":true}]}}