{"id":636,"date":"2020-04-26T09:03:44","date_gmt":"2020-04-26T09:03:44","guid":{"rendered":"http:\/\/demo.villa-panda.com\/?page_id=636"},"modified":"2020-05-11T17:04:43","modified_gmt":"2020-05-11T17:04:43","slug":"dich-vu","status":"publish","type":"page","link":"https:\/\/villa-panda.com\/en\/dich-vu\/","title":{"rendered":"(Ti\u1ebfng Vi\u1ec7t) D\u1ecbch v\u1ee5"},"content":{"rendered":"\t\t<div data-elementor-type=\"wp-page\" data-elementor-id=\"636\" class=\"elementor elementor-636\" data-elementor-settings=\"[]\">\n\t\t\t\t\t\t<div class=\"elementor-inner\">\n\t\t\t\t\t\t\t<div class=\"elementor-section-wrap\">\n\t\t\t\t\t\t\t<section class=\"elementor-section elementor-top-section elementor-element elementor-element-27f89ed3 elementor-section-boxed elementor-section-height-default elementor-section-height-default\" data-id=\"27f89ed3\" data-element_type=\"section\">\n\t\t\t\t\t\t<div class=\"elementor-container elementor-column-gap-no\">\n\t\t\t\t\t\t\t<div class=\"elementor-row\">\n\t\t\t\t\t<div class=\"elementor-column elementor-col-100 elementor-top-column elementor-element elementor-element-1b992ad7\" data-id=\"1b992ad7\" data-element_type=\"column\">\n\t\t\t<div class=\"elementor-column-wrap elementor-element-populated\">\n\t\t\t\t\t\t\t<div class=\"elementor-widget-wrap\">\n\t\t\t\t\t\t<div class=\"elementor-element elementor-element-3c153645 elementor-widget elementor-widget-heading\" data-id=\"3c153645\" data-element_type=\"widget\" data-widget_type=\"heading.default\">\n\t\t\t\t<div class=\"elementor-widget-container\">\n\t\t\t<h1 class=\"elementor-heading-title elementor-size-default\">D\u1ecbch v\u1ee5 k\u00e8m theo t\u1ea1i Villa Panda<\/h1>\t\t<\/div>\n\t\t\t\t<\/div>\n\t\t\t\t<div class=\"elementor-element elementor-element-4e8a6be elementor-widget-divider--separator-type-pattern elementor-widget-divider--view-line elementor-widget elementor-widget-divider\" data-id=\"4e8a6be\" data-element_type=\"widget\" data-widget_type=\"divider.default\">\n\t\t\t\t<div class=\"elementor-widget-container\">\n\t\t\t\t\t<div class=\"elementor-divider\" style=\"--divider-pattern-url: url(&quot;data:image\/svg+xml,%3Csvg xmlns=&#039;http:\/\/www.w3.org\/2000\/svg&#039; preserveAspectRatio=&#039;none&#039; overflow=&#039;visible&#039; height=&#039;100%&#039; viewBox=&#039;0 0 24 24&#039; fill=&#039;none&#039; stroke=&#039;black&#039; stroke-width=&#039;2&#039; stroke-linecap=&#039;square&#039; stroke-miterlimit=&#039;10&#039;%3E%3Cpath d=&#039;M0,6c6,0,0.9,11.1,6.9,11.1S18,6,24,6&#039;\/%3E%3C\/svg%3E&quot;);\">\n\t\t\t<span class=\"elementor-divider-separator\">\n\t\t\t\t\t\t<\/span>\n\t\t<\/div>\n\t\t\t\t<\/div>\n\t\t\t\t<\/div>\n\t\t\t\t<section class=\"elementor-section elementor-inner-section elementor-element elementor-element-21d9748c elementor-section-content-middle elementor-section-boxed elementor-section-height-default elementor-section-height-default\" data-id=\"21d9748c\" data-element_type=\"section\">\n\t\t\t\t\t\t<div class=\"elementor-container elementor-column-gap-no\">\n\t\t\t\t\t\t\t<div class=\"elementor-row\">\n\t\t\t\t\t<div class=\"elementor-column elementor-col-50 elementor-inner-column elementor-element elementor-element-309fbea8\" data-id=\"309fbea8\" data-element_type=\"column\" data-settings=\"{&quot;background_background&quot;:&quot;gradient&quot;}\">\n\t\t\t<div class=\"elementor-column-wrap elementor-element-populated\">\n\t\t\t\t\t\t\t<div class=\"elementor-widget-wrap\">\n\t\t\t\t\t\t<div class=\"elementor-element elementor-element-716a3294 elementor-widget elementor-widget-image\" data-id=\"716a3294\" data-element_type=\"widget\" data-widget_type=\"image.default\">\n\t\t\t\t<div class=\"elementor-widget-container\">\n\t\t\t\t\t<div class=\"elementor-image\">\n\t\t\t\t\t\t\t\t\t\t<img width=\"720\" height=\"480\" src=\"https:\/\/villa-panda.com\/wp-content\/uploads\/2020\/05\/5a0f94f7cd162.jpg\" class=\"attachment-full size-full\" alt=\"\" decoding=\"async\" loading=\"lazy\" srcset=\"https:\/\/villa-panda.com\/wp-content\/uploads\/2020\/05\/5a0f94f7cd162.jpg 720w, https:\/\/villa-panda.com\/wp-content\/uploads\/2020\/05\/5a0f94f7cd162-300x200.jpg 300w\" sizes=\"(max-width: 720px) 100vw, 720px\" \/>\t\t\t\t\t\t\t\t\t\t\t<\/div>\n\t\t\t\t<\/div>\n\t\t\t\t<\/div>\n\t\t\t\t\t\t<\/div>\n\t\t\t\t\t<\/div>\n\t\t<\/div>\n\t\t\t\t<div class=\"elementor-column elementor-col-50 elementor-inner-column elementor-element elementor-element-55824d54\" data-id=\"55824d54\" data-element_type=\"column\">\n\t\t\t<div class=\"elementor-column-wrap elementor-element-populated\">\n\t\t\t\t\t\t\t<div class=\"elementor-widget-wrap\">\n\t\t\t\t\t\t<div class=\"elementor-element elementor-element-4a0d8bc1 elementor-widget elementor-widget-heading\" data-id=\"4a0d8bc1\" data-element_type=\"widget\" data-widget_type=\"heading.default\">\n\t\t\t\t<div class=\"elementor-widget-container\">\n\t\t\t<h4 class=\"elementor-heading-title elementor-size-default\">pH\u1ee4C V\u1ee4 N\u1ea4U \u0102N T\u1ea0I CH\u1ed6<\/h4>\t\t<\/div>\n\t\t\t\t<\/div>\n\t\t\t\t<div class=\"elementor-element elementor-element-55a520c8 elementor-widget elementor-widget-text-editor\" data-id=\"55a520c8\" data-element_type=\"widget\" data-widget_type=\"text-editor.default\">\n\t\t\t\t<div class=\"elementor-widget-container\">\n\t\t\t\t\t<div class=\"elementor-text-editor elementor-clearfix\">V\u1edbi ti\u00eau ch\u00ed t\u1ed5 ch\u1ee9c m\u1ed9t b\u1eefa ti\u1ec7c v\u1eeba \u1ea5m c\u00fang v\u1eeba kh\u00f4ng k\u00e9m ph\u1ea7n long tr\u1ecdng. V\u1edbi nh\u1eefng m\u00f3n \u0103n ngon  v\u00e0 quan tr\u1ecdng l\u00e0 chi ph\u00ed kh\u00f4ng cao, d\u1ecbch v\u1ee5 n\u1ea5u \u0103n t\u1ea1i Villa \u0111\u00e3 \u0111\u00e1p \u1ee9ng t\u1ea5t c\u1ea3 nh\u1eefng v\u1ea5n \u0111\u1ec1 m\u00e0 kh\u00e1ch h\u00e0ng b\u1eadn t\u00e2m.<\/div>\n\t\t\t\t<\/div>\n\t\t\t\t<\/div>\n\t\t\t\t\t\t<\/div>\n\t\t\t\t\t<\/div>\n\t\t<\/div>\n\t\t\t\t\t\t\t\t<\/div>\n\t\t\t\t\t<\/div>\n\t\t<\/section>\n\t\t\t\t<section class=\"elementor-section elementor-inner-section elementor-element elementor-element-19ed0622 elementor-section-content-middle elementor-reverse-mobile elementor-section-boxed elementor-section-height-default elementor-section-height-default\" data-id=\"19ed0622\" data-element_type=\"section\">\n\t\t\t\t\t\t<div class=\"elementor-container elementor-column-gap-no\">\n\t\t\t\t\t\t\t<div class=\"elementor-row\">\n\t\t\t\t\t<div class=\"elementor-column elementor-col-50 elementor-inner-column elementor-element elementor-element-29f4f2d2\" data-id=\"29f4f2d2\" data-element_type=\"column\">\n\t\t\t<div class=\"elementor-column-wrap elementor-element-populated\">\n\t\t\t\t\t\t\t<div class=\"elementor-widget-wrap\">\n\t\t\t\t\t\t<div class=\"elementor-element elementor-element-662daece elementor-widget elementor-widget-heading\" data-id=\"662daece\" data-element_type=\"widget\" data-widget_type=\"heading.default\">\n\t\t\t\t<div class=\"elementor-widget-container\">\n\t\t\t<h4 class=\"elementor-heading-title elementor-size-default\">D\u1ecbch v\u1ee5 d\u1ecdn ph\u00f2ng, gi\u1eb7t \u1ee7i theo nhu c\u1ea7u<\/h4>\t\t<\/div>\n\t\t\t\t<\/div>\n\t\t\t\t<div class=\"elementor-element elementor-element-1bfcf8e5 elementor-widget elementor-widget-text-editor\" data-id=\"1bfcf8e5\" data-element_type=\"widget\" data-widget_type=\"text-editor.default\">\n\t\t\t\t<div class=\"elementor-widget-container\">\n\t\t\t\t\t<div class=\"elementor-text-editor elementor-clearfix\">V\u1edbi d\u1ecbch v\u1ee5 t\u1ea1p v\u1ee5 c\u00f3 s\u1eb5n gi\u00fap b\u1ea1n kh\u00f4ng c\u00f2n b\u1eadn t\u00e2m vi\u1ec7c l\u00e0m th\u1ebf n\u00e0o \u0111\u1ec3 gi\u1eef g\u00ecn v\u1ec7 sinh t\u1ea5t c\u1ea3 c\u00e1c ph\u00f2ng m\u00e0 kh\u00f4ng m\u1ea5t nhi\u1ec1u th\u1eddi gian v\u00e0 c\u00f4ng s\u1ee9c. Vi\u1ec7c s\u1eed d\u1ee5ng d\u1ecbch v\u1ee5 c\u1ee7a s\u1ebd gi\u00fap kh\u00e1ch h\u00e0ng ti\u1ebft ki\u1ec7m \u0111\u01b0\u1ee3c chi ph\u00ed tuy\u1ec3n d\u1ee5ng, \u0111\u00e0o t\u1ea1o, qu\u1ea3n l\u00fd, ch\u1ebf \u0111\u1ed9 v\u00ec ch\u00fang t\u00f4i  s\u1ebd l\u00e0m \u0111i\u1ec1u \u0111\u00f3 v\u00e0 lu\u00f4n \u0111\u1ea3m b\u1ea3o ngu\u1ed3n lao \u0111\u1ed9ng cho kh\u00e1ch h\u00e0ng.\n\n<\/div>\n\t\t\t\t<\/div>\n\t\t\t\t<\/div>\n\t\t\t\t\t\t<\/div>\n\t\t\t\t\t<\/div>\n\t\t<\/div>\n\t\t\t\t<div class=\"elementor-column elementor-col-50 elementor-inner-column elementor-element elementor-element-26b7e43d\" data-id=\"26b7e43d\" data-element_type=\"column\" data-settings=\"{&quot;background_background&quot;:&quot;gradient&quot;}\">\n\t\t\t<div class=\"elementor-column-wrap elementor-element-populated\">\n\t\t\t\t\t\t\t<div class=\"elementor-widget-wrap\">\n\t\t\t\t\t\t<div class=\"elementor-element elementor-element-34ea90cb elementor-widget elementor-widget-image\" data-id=\"34ea90cb\" data-element_type=\"widget\" data-widget_type=\"image.default\">\n\t\t\t\t<div class=\"elementor-widget-container\">\n\t\t\t\t\t<div class=\"elementor-image\">\n\t\t\t\t\t\t\t\t\t\t<img width=\"512\" height=\"341\" src=\"https:\/\/villa-panda.com\/wp-content\/uploads\/2020\/05\/unnamed.jpg\" class=\"attachment-large size-large\" alt=\"\" decoding=\"async\" loading=\"lazy\" srcset=\"https:\/\/villa-panda.com\/wp-content\/uploads\/2020\/05\/unnamed.jpg 512w, https:\/\/villa-panda.com\/wp-content\/uploads\/2020\/05\/unnamed-300x200.jpg 300w\" sizes=\"(max-width: 512px) 100vw, 512px\" \/>\t\t\t\t\t\t\t\t\t\t\t<\/div>\n\t\t\t\t<\/div>\n\t\t\t\t<\/div>\n\t\t\t\t\t\t<\/div>\n\t\t\t\t\t<\/div>\n\t\t<\/div>\n\t\t\t\t\t\t\t\t<\/div>\n\t\t\t\t\t<\/div>\n\t\t<\/section>\n\t\t\t\t\t\t<\/div>\n\t\t\t\t\t<\/div>\n\t\t<\/div>\n\t\t\t\t\t\t\t\t<\/div>\n\t\t\t\t\t<\/div>\n\t\t<\/section>\n\t\t\t\t<section class=\"elementor-section elementor-top-section elementor-element elementor-element-4d7ceb3d elementor-section-boxed elementor-section-height-default elementor-section-height-default\" data-id=\"4d7ceb3d\" data-element_type=\"section\" data-settings=\"{&quot;background_background&quot;:&quot;classic&quot;}\">\n\t\t\t\t\t\t\t<div class=\"elementor-background-overlay\"><\/div>\n\t\t\t\t\t\t\t<div class=\"elementor-container elementor-column-gap-no\">\n\t\t\t\t\t\t\t<div class=\"elementor-row\">\n\t\t\t\t\t<div class=\"elementor-column elementor-col-100 elementor-top-column elementor-element elementor-element-70ffc710\" data-id=\"70ffc710\" data-element_type=\"column\">\n\t\t\t<div class=\"elementor-column-wrap elementor-element-populated\">\n\t\t\t\t\t\t\t<div class=\"elementor-widget-wrap\">\n\t\t\t\t\t\t<section class=\"elementor-section elementor-inner-section elementor-element elementor-element-5fd8e26b elementor-section-boxed elementor-section-height-default elementor-section-height-default\" data-id=\"5fd8e26b\" data-element_type=\"section\">\n\t\t\t\t\t\t<div class=\"elementor-container elementor-column-gap-wide\">\n\t\t\t\t\t\t\t<div class=\"elementor-row\">\n\t\t\t\t\t<div class=\"elementor-column elementor-col-33 elementor-inner-column elementor-element elementor-element-31de8adb\" data-id=\"31de8adb\" data-element_type=\"column\" data-settings=\"{&quot;background_background&quot;:&quot;classic&quot;}\">\n\t\t\t<div class=\"elementor-column-wrap elementor-element-populated\">\n\t\t\t\t\t\t\t<div class=\"elementor-widget-wrap\">\n\t\t\t\t\t\t<div class=\"elementor-element elementor-element-26c506ff elementor-widget elementor-widget-image\" data-id=\"26c506ff\" data-element_type=\"widget\" data-widget_type=\"image.default\">\n\t\t\t\t<div class=\"elementor-widget-container\">\n\t\t\t\t\t<div class=\"elementor-image\">\n\t\t\t\t\t\t\t\t\t\t<img width=\"600\" height=\"600\" src=\"https:\/\/villa-panda.com\/wp-content\/uploads\/2020\/05\/cho-thue-xe-toyota-vios.jpg\" class=\"attachment-full size-full\" alt=\"\" decoding=\"async\" loading=\"lazy\" srcset=\"https:\/\/villa-panda.com\/wp-content\/uploads\/2020\/05\/cho-thue-xe-toyota-vios.jpg 600w, https:\/\/villa-panda.com\/wp-content\/uploads\/2020\/05\/cho-thue-xe-toyota-vios-300x300.jpg 300w, https:\/\/villa-panda.com\/wp-content\/uploads\/2020\/05\/cho-thue-xe-toyota-vios-150x150.jpg 150w\" sizes=\"(max-width: 600px) 100vw, 600px\" \/>\t\t\t\t\t\t\t\t\t\t\t<\/div>\n\t\t\t\t<\/div>\n\t\t\t\t<\/div>\n\t\t\t\t<div class=\"elementor-element elementor-element-342ea371 elementor-widget elementor-widget-heading\" data-id=\"342ea371\" data-element_type=\"widget\" data-widget_type=\"heading.default\">\n\t\t\t\t<div class=\"elementor-widget-container\">\n\t\t\t<h4 class=\"elementor-heading-title elementor-size-default\">Cho Thu\u00ea Xe M\u00e1y, Xe \u00d4 T\u00f4\n<\/h4>\t\t<\/div>\n\t\t\t\t<\/div>\n\t\t\t\t<div class=\"elementor-element elementor-element-32fbef3d elementor-widget elementor-widget-text-editor\" data-id=\"32fbef3d\" data-element_type=\"widget\" data-widget_type=\"text-editor.default\">\n\t\t\t\t<div class=\"elementor-widget-container\">\n\t\t\t\t\t<div class=\"elementor-text-editor elementor-clearfix\">D\u1ecbch v\u1ee5 v\u1eadn chuy\u1ec3n cao c\u1ea5p c\u1ee7a VILLA s\u1eb5n s\u00e0ng ph\u1ee5c v\u1ee5 qu\u00fd kh\u00e1ch m\u1ecdi l\u00fac m\u1ecdi n\u01a1i. Vui l\u00f2ng li\u00ean h\u1ec7 <\/div>\n\t\t\t\t<\/div>\n\t\t\t\t<\/div>\n\t\t\t\t\t\t<\/div>\n\t\t\t\t\t<\/div>\n\t\t<\/div>\n\t\t\t\t<div class=\"elementor-column elementor-col-33 elementor-inner-column elementor-element elementor-element-2dd31971\" data-id=\"2dd31971\" data-element_type=\"column\" data-settings=\"{&quot;background_background&quot;:&quot;classic&quot;}\">\n\t\t\t<div class=\"elementor-column-wrap elementor-element-populated\">\n\t\t\t\t\t\t\t<div class=\"elementor-widget-wrap\">\n\t\t\t\t\t\t<div class=\"elementor-element elementor-element-4fe018dd elementor-widget elementor-widget-image\" data-id=\"4fe018dd\" data-element_type=\"widget\" data-widget_type=\"image.default\">\n\t\t\t\t<div class=\"elementor-widget-container\">\n\t\t\t\t\t<div class=\"elementor-image\">\n\t\t\t\t\t\t\t\t\t\t<img width=\"600\" height=\"400\" src=\"https:\/\/villa-panda.com\/wp-content\/uploads\/2020\/05\/5a4058cac06c9.jpg\" class=\"attachment-large size-large\" alt=\"\" decoding=\"async\" loading=\"lazy\" srcset=\"https:\/\/villa-panda.com\/wp-content\/uploads\/2020\/05\/5a4058cac06c9.jpg 600w, https:\/\/villa-panda.com\/wp-content\/uploads\/2020\/05\/5a4058cac06c9-300x200.jpg 300w\" sizes=\"(max-width: 600px) 100vw, 600px\" \/>\t\t\t\t\t\t\t\t\t\t\t<\/div>\n\t\t\t\t<\/div>\n\t\t\t\t<\/div>\n\t\t\t\t<div class=\"elementor-element elementor-element-51034347 elementor-widget elementor-widget-heading\" data-id=\"51034347\" data-element_type=\"widget\" data-widget_type=\"heading.default\">\n\t\t\t\t<div class=\"elementor-widget-container\">\n\t\t\t<h4 class=\"elementor-heading-title elementor-size-default\">T\u1ed5 ch\u1ee9c ti\u1ec7c Sinh nh\u1eadt, K\u1ef7 ni\u1ec7m<\/h4>\t\t<\/div>\n\t\t\t\t<\/div>\n\t\t\t\t<div class=\"elementor-element elementor-element-5c7172f5 elementor-widget elementor-widget-text-editor\" data-id=\"5c7172f5\" data-element_type=\"widget\" data-widget_type=\"text-editor.default\">\n\t\t\t\t<div class=\"elementor-widget-container\">\n\t\t\t\t\t<div class=\"elementor-text-editor elementor-clearfix\"><p>Tr\u1ea3i nghi\u1ec7m kh\u00f4ng gian ti\u1ec7c ngo\u00e0i tr\u1eddi sang tr\u1ecdng v\u00e0 \u0111\u1eb3ng c\u1ea5p t\u1ea1i<\/p><\/div>\n\t\t\t\t<\/div>\n\t\t\t\t<\/div>\n\t\t\t\t\t\t<\/div>\n\t\t\t\t\t<\/div>\n\t\t<\/div>\n\t\t\t\t<div class=\"elementor-column elementor-col-33 elementor-inner-column elementor-element elementor-element-5ed50c48\" data-id=\"5ed50c48\" data-element_type=\"column\" data-settings=\"{&quot;background_background&quot;:&quot;classic&quot;}\">\n\t\t\t<div class=\"elementor-column-wrap elementor-element-populated\">\n\t\t\t\t\t\t\t<div class=\"elementor-widget-wrap\">\n\t\t\t\t\t\t<div class=\"elementor-element elementor-element-7aae068f elementor-widget elementor-widget-image\" data-id=\"7aae068f\" data-element_type=\"widget\" data-widget_type=\"image.default\">\n\t\t\t\t<div class=\"elementor-widget-container\">\n\t\t\t\t\t<div class=\"elementor-image\">\n\t\t\t\t\t\t\t\t\t\t<img width=\"780\" height=\"433\" src=\"https:\/\/villa-panda.com\/wp-content\/uploads\/2020\/05\/dan-karaoke-gia-dinh-bc-alto-14-P3794-1571387988446.jpg\" class=\"attachment-large size-large\" alt=\"\" decoding=\"async\" loading=\"lazy\" srcset=\"https:\/\/villa-panda.com\/wp-content\/uploads\/2020\/05\/dan-karaoke-gia-dinh-bc-alto-14-P3794-1571387988446.jpg 780w, https:\/\/villa-panda.com\/wp-content\/uploads\/2020\/05\/dan-karaoke-gia-dinh-bc-alto-14-P3794-1571387988446-300x167.jpg 300w, https:\/\/villa-panda.com\/wp-content\/uploads\/2020\/05\/dan-karaoke-gia-dinh-bc-alto-14-P3794-1571387988446-768x426.jpg 768w\" sizes=\"(max-width: 780px) 100vw, 780px\" \/>\t\t\t\t\t\t\t\t\t\t\t<\/div>\n\t\t\t\t<\/div>\n\t\t\t\t<\/div>\n\t\t\t\t<div class=\"elementor-element elementor-element-1eab3a1a elementor-widget elementor-widget-heading\" data-id=\"1eab3a1a\" data-element_type=\"widget\" data-widget_type=\"heading.default\">\n\t\t\t\t<div class=\"elementor-widget-container\">\n\t\t\t<h4 class=\"elementor-heading-title elementor-size-default\">Thu\u00ea Karaoke<\/h4>\t\t<\/div>\n\t\t\t\t<\/div>\n\t\t\t\t<div class=\"elementor-element elementor-element-1382d75f elementor-widget elementor-widget-text-editor\" data-id=\"1382d75f\" data-element_type=\"widget\" data-widget_type=\"text-editor.default\">\n\t\t\t\t<div class=\"elementor-widget-container\">\n\t\t\t\t\t<div class=\"elementor-text-editor elementor-clearfix\">Th\u1eddi gian ph\u1ee5c v\u1ee5: 12:00 AM &#8211; 0:00 AM<\/div>\n\t\t\t\t<\/div>\n\t\t\t\t<\/div>\n\t\t\t\t\t\t<\/div>\n\t\t\t\t\t<\/div>\n\t\t<\/div>\n\t\t\t\t\t\t\t\t<\/div>\n\t\t\t\t\t<\/div>\n\t\t<\/section>\n\t\t\t\t\t\t<\/div>\n\t\t\t\t\t<\/div>\n\t\t<\/div>\n\t\t\t\t\t\t\t\t<\/div>\n\t\t\t\t\t<\/div>\n\t\t<\/section>\n\t\t\t\t\t\t<\/div>\n\t\t\t\t\t\t<\/div>\n\t\t\t\t\t<\/div>\n\t\t","protected":false},"excerpt":{"rendered":"<p>D\u1ecbch v\u1ee5 k\u00e8m theo t\u1ea1i Villa Panda pH\u1ee4C V\u1ee4 N\u1ea4U \u0102N T\u1ea0I CH\u1ed6 V\u1edbi ti\u00eau ch\u00ed t\u1ed5 ch\u1ee9c m\u1ed9t b\u1eefa ti\u1ec7c v\u1eeba \u1ea5m c\u00fang v\u1eeba kh\u00f4ng k\u00e9m ph\u1ea7n long tr\u1ecdng. V\u1edbi nh\u1eefng m\u00f3n \u0103n ngon v\u00e0 quan tr\u1ecdng l\u00e0 chi ph\u00ed kh\u00f4ng cao, d\u1ecbch v\u1ee5 n\u1ea5u \u0103n t\u1ea1i Villa \u0111\u00e3 \u0111\u00e1p \u1ee9ng t\u1ea5t c\u1ea3 nh\u1eefng [&#8230;]\n","protected":false},"author":1,"featured_media":0,"parent":0,"menu_order":0,"comment_status":"closed","ping_status":"closed","template":"elementor_header_footer","meta":[],"yoast_head":"<!-- This site is optimized with the Yoast SEO Premium plugin v16.0.2 - https:\/\/yoast.com\/wordpress\/plugins\/seo\/ -->\n<title>(Ti\u1ebfng Vi\u1ec7t) D\u1ecbch v\u1ee5 - Villa Panda Mui Ne<\/title>\n<link rel=\"canonical\" href=\"https:\/\/villa-panda.com\/en\/dich-vu\/\" \/>\n<meta property=\"og:locale\" content=\"en_US\" \/>\n<meta property=\"og:type\" content=\"article\" \/>\n<meta property=\"og:title\" content=\"(Ti\u1ebfng Vi\u1ec7t) D\u1ecbch v\u1ee5 - Villa Panda Mui Ne\" \/>\n<meta property=\"og:description\" content=\"D\u1ecbch v\u1ee5 k\u00e8m theo t\u1ea1i Villa Panda pH\u1ee4C V\u1ee4 N\u1ea4U \u0102N T\u1ea0I CH\u1ed6 V\u1edbi ti\u00eau ch\u00ed t\u1ed5 ch\u1ee9c m\u1ed9t b\u1eefa ti\u1ec7c v\u1eeba \u1ea5m c\u00fang v\u1eeba kh\u00f4ng k\u00e9m ph\u1ea7n long tr\u1ecdng. V\u1edbi nh\u1eefng m\u00f3n \u0103n ngon v\u00e0 quan tr\u1ecdng l\u00e0 chi ph\u00ed kh\u00f4ng cao, d\u1ecbch v\u1ee5 n\u1ea5u \u0103n t\u1ea1i Villa \u0111\u00e3 \u0111\u00e1p \u1ee9ng t\u1ea5t c\u1ea3 nh\u1eefng [...]\" \/>\n<meta property=\"og:url\" content=\"https:\/\/villa-panda.com\/en\/dich-vu\/\" \/>\n<meta property=\"og:site_name\" content=\"Villa Panda Mui Ne\" \/>\n<meta property=\"article:modified_time\" content=\"2020-05-11T17:04:43+00:00\" \/>\n<meta property=\"og:image\" content=\"http:\/\/demo.villa-panda.com\/wp-content\/uploads\/2020\/05\/5a0f94f7cd162.jpg\" \/>\n<meta name=\"twitter:card\" content=\"summary_large_image\" \/>\n<meta name=\"twitter:label1\" content=\"Est. reading time\">\n\t<meta name=\"twitter:data1\" content=\"2 minutes\">\n<script type=\"application\/ld+json\" class=\"yoast-schema-graph\">{\"@context\":\"https:\/\/schema.org\",\"@graph\":[{\"@type\":\"WebSite\",\"@id\":\"https:\/\/villa-panda.com\/#website\",\"url\":\"https:\/\/villa-panda.com\/\",\"name\":\"Villa Panda Mui Ne\",\"description\":\"at Sea Links Golf Resort\",\"potentialAction\":[{\"@type\":\"SearchAction\",\"target\":\"https:\/\/villa-panda.com\/?s={search_term_string}\",\"query-input\":\"required name=search_term_string\"}],\"inLanguage\":\"en-US\"},{\"@type\":\"ImageObject\",\"@id\":\"https:\/\/villa-panda.com\/en\/dich-vu\/#primaryimage\",\"inLanguage\":\"en-US\",\"url\":\"http:\/\/demo.villa-panda.com\/wp-content\/uploads\/2020\/05\/5a0f94f7cd162.jpg\"},{\"@type\":\"WebPage\",\"@id\":\"https:\/\/villa-panda.com\/en\/dich-vu\/#webpage\",\"url\":\"https:\/\/villa-panda.com\/en\/dich-vu\/\",\"name\":\"(Ti\\u1ebfng Vi\\u1ec7t) D\\u1ecbch v\\u1ee5 - Villa Panda Mui Ne\",\"isPartOf\":{\"@id\":\"https:\/\/villa-panda.com\/#website\"},\"primaryImageOfPage\":{\"@id\":\"https:\/\/villa-panda.com\/en\/dich-vu\/#primaryimage\"},\"datePublished\":\"2020-04-26T09:03:44+00:00\",\"dateModified\":\"2020-05-11T17:04:43+00:00\",\"breadcrumb\":{\"@id\":\"https:\/\/villa-panda.com\/en\/dich-vu\/#breadcrumb\"},\"inLanguage\":\"en-US\",\"potentialAction\":[{\"@type\":\"ReadAction\",\"target\":[\"https:\/\/villa-panda.com\/en\/dich-vu\/\"]}]},{\"@type\":\"BreadcrumbList\",\"@id\":\"https:\/\/villa-panda.com\/en\/dich-vu\/#breadcrumb\",\"itemListElement\":[{\"@type\":\"ListItem\",\"position\":1,\"item\":{\"@type\":\"WebPage\",\"@id\":\"https:\/\/villa-panda.com\/\",\"url\":\"https:\/\/villa-panda.com\/\",\"name\":\"Home\"}},{\"@type\":\"ListItem\",\"position\":2,\"item\":{\"@type\":\"WebPage\",\"@id\":\"https:\/\/villa-panda.com\/en\/dich-vu\/\",\"url\":\"https:\/\/villa-panda.com\/en\/dich-vu\/\",\"name\":\"(Ti\\u1ebfng Vi\\u1ec7t) D\\u1ecbch v\\u1ee5\"}}]}]}<\/script>\n<!-- \/ Yoast SEO Premium plugin. -->","_links":{"self":[{"href":"https:\/\/villa-panda.com\/en\/wp-json\/wp\/v2\/pages\/636"}],"collection":[{"href":"https:\/\/villa-panda.com\/en\/wp-json\/wp\/v2\/pages"}],"about":[{"href":"https:\/\/villa-panda.com\/en\/wp-json\/wp\/v2\/types\/page"}],"author":[{"embeddable":true,"href":"https:\/\/villa-panda.com\/en\/wp-json\/wp\/v2\/users\/1"}],"replies":[{"embeddable":true,"href":"https:\/\/villa-panda.com\/en\/wp-json\/wp\/v2\/comments?post=636"}],"version-history":[{"count":15,"href":"https:\/\/villa-panda.com\/en\/wp-json\/wp\/v2\/pages\/636\/revisions"}],"predecessor-version":[{"id":737,"href":"https:\/\/villa-panda.com\/en\/wp-json\/wp\/v2\/pages\/636\/revisions\/737"}],"wp:attachment":[{"href":"https:\/\/villa-panda.com\/en\/wp-json\/wp\/v2\/media?parent=636"}],"curies":[{"name":"wp","href":"https:\/\/api.w.org\/{rel}","templated":true}]}}