{"id":571,"date":"2020-03-24T14:39:55","date_gmt":"2020-03-24T14:39:55","guid":{"rendered":"http:\/\/demo.villa-panda.com\/?page_id=571"},"modified":"2020-06-18T13:56:27","modified_gmt":"2020-06-18T06:56:27","slug":"uu-dai","status":"publish","type":"page","link":"https:\/\/villa-panda.com\/en\/uu-dai\/","title":{"rendered":"\u01afu \u0111\u00e3i"},"content":{"rendered":"\t\t<div data-elementor-type=\"wp-page\" data-elementor-id=\"571\" class=\"elementor elementor-571\" data-elementor-settings=\"[]\">\n\t\t\t\t\t\t<div class=\"elementor-inner\">\n\t\t\t\t\t\t\t<div class=\"elementor-section-wrap\">\n\t\t\t\t\t\t\t<section class=\"elementor-section elementor-top-section elementor-element elementor-element-16b8e8c elementor-section-boxed elementor-section-height-default elementor-section-height-default\" data-id=\"16b8e8c\" data-element_type=\"section\">\n\t\t\t\t\t\t<div class=\"elementor-container elementor-column-gap-default\">\n\t\t\t\t\t\t\t<div class=\"elementor-row\">\n\t\t\t\t\t<div class=\"elementor-column elementor-col-100 elementor-top-column elementor-element elementor-element-a53d355\" data-id=\"a53d355\" data-element_type=\"column\">\n\t\t\t<div class=\"elementor-column-wrap elementor-element-populated\">\n\t\t\t\t\t\t\t<div class=\"elementor-widget-wrap\">\n\t\t\t\t\t\t<div class=\"elementor-element elementor-element-5ad942b elementor-widget elementor-widget-heading\" data-id=\"5ad942b\" data-element_type=\"widget\" data-widget_type=\"heading.default\">\n\t\t\t\t<div class=\"elementor-widget-container\">\n\t\t\t<h2 class=\"elementor-heading-title elementor-size-default\">KHUY\u1ebeN M\u00c3I<\/h2>\t\t<\/div>\n\t\t\t\t<\/div>\n\t\t\t\t<div class=\"elementor-element elementor-element-fe21653 elementor-widget-divider--view-line elementor-widget elementor-widget-divider\" data-id=\"fe21653\" data-element_type=\"widget\" data-widget_type=\"divider.default\">\n\t\t\t\t<div class=\"elementor-widget-container\">\n\t\t\t\t\t<div class=\"elementor-divider\">\n\t\t\t<span class=\"elementor-divider-separator\">\n\t\t\t\t\t\t<\/span>\n\t\t<\/div>\n\t\t\t\t<\/div>\n\t\t\t\t<\/div>\n\t\t\t\t<div class=\"elementor-element elementor-element-34452f0 elementor-grid-3 elementor-grid-tablet-2 elementor-grid-mobile-1 elementor-posts--thumbnail-top elementor-card-shadow-yes elementor-posts__hover-gradient elementor-widget elementor-widget-posts\" data-id=\"34452f0\" data-element_type=\"widget\" data-settings=\"{&quot;cards_columns&quot;:&quot;3&quot;,&quot;cards_columns_tablet&quot;:&quot;2&quot;,&quot;cards_columns_mobile&quot;:&quot;1&quot;,&quot;cards_row_gap&quot;:{&quot;unit&quot;:&quot;px&quot;,&quot;size&quot;:35,&quot;sizes&quot;:[]}}\" data-widget_type=\"posts.cards\">\n\t\t\t\t<div class=\"elementor-widget-container\">\n\t\t\t\t\t<div class=\"elementor-posts-container elementor-posts elementor-posts--skin-cards elementor-grid\">\n\t\t\t\t<article class=\"elementor-post elementor-grid-item post-853 post type-post status-publish format-standard has-post-thumbnail hentry category-du-lich-mui-ne tag-lau-dai tag-nho tag-ruou tag-sealink tag-vang\">\n\t\t\t<div class=\"elementor-post__card\">\n\t\t\t\t<a class=\"elementor-post__thumbnail__link\" href=\"https:\/\/villa-panda.com\/en\/francais-co-gi-ben-trong-l-u-dai-ruou-vang-sea-links-city-cua-mui-ne\/\" >\n\t\t\t<div class=\"elementor-post__thumbnail\"><img width=\"300\" height=\"300\" src=\"https:\/\/villa-panda.com\/wp-content\/uploads\/2020\/06\/61488890_1277853859030905_4733041659432335468_n-300x300.jpg\" class=\"attachment-medium size-medium\" alt=\"\" decoding=\"async\" loading=\"lazy\" srcset=\"https:\/\/villa-panda.com\/wp-content\/uploads\/2020\/06\/61488890_1277853859030905_4733041659432335468_n-300x300.jpg 300w, https:\/\/villa-panda.com\/wp-content\/uploads\/2020\/06\/61488890_1277853859030905_4733041659432335468_n-150x150.jpg 150w, https:\/\/villa-panda.com\/wp-content\/uploads\/2020\/06\/61488890_1277853859030905_4733041659432335468_n-768x767.jpg 768w, https:\/\/villa-panda.com\/wp-content\/uploads\/2020\/06\/61488890_1277853859030905_4733041659432335468_n.jpg 1080w\" sizes=\"(max-width: 300px) 100vw, 300px\" \/><\/div>\n\t\t<\/a>\n\t\t\t\t<div class=\"elementor-post__text\">\n\t\t\t\t<h3 class=\"elementor-post__title\">\n\t\t\t<a href=\"https:\/\/villa-panda.com\/en\/francais-co-gi-ben-trong-l-u-dai-ruou-vang-sea-links-city-cua-mui-ne\/\" >\n\t\t\t\t(Ti\u1ebfng Vi\u1ec7t) C\u00d3 G\u00cc B\u00caN TRONG L\u00c2U \u0110\u00c0I R\u01af\u1ee2U VANG SEA LINKS CITY C\u1ee6A M\u0168I N\u00c9\t\t\t<\/a>\n\t\t<\/h3>\n\t\t\t\t<div class=\"elementor-post__excerpt\">\n\t\t\t<p>Sorry, this entry is only available in Vietnamese.<\/p>\n\t\t<\/div>\n\t\t\t\t\t<a class=\"elementor-post__read-more\" href=\"https:\/\/villa-panda.com\/en\/francais-co-gi-ben-trong-l-u-dai-ruou-vang-sea-links-city-cua-mui-ne\/\" >\n\t\t\t\tRead More \u00bb\t\t\t<\/a>\n\t\t\t\t<\/div>\n\t\t\t\t\t<\/div>\n\t\t<\/article>\n\t\t\t\t<article class=\"elementor-post elementor-grid-item post-810 post type-post status-publish format-standard has-post-thumbnail hentry category-khuyen-mai tag-mui-ne tag-villa\">\n\t\t\t<div class=\"elementor-post__card\">\n\t\t\t\t<a class=\"elementor-post__thumbnail__link\" href=\"https:\/\/villa-panda.com\/en\/villa-panda-mui-ne-tung-bung-uu-dai-he-2020\/\" >\n\t\t\t<div class=\"elementor-post__thumbnail\"><img width=\"300\" height=\"300\" src=\"https:\/\/villa-panda.com\/wp-content\/uploads\/2020\/06\/88-copy-300x300.jpg\" class=\"attachment-medium size-medium\" alt=\"\" decoding=\"async\" loading=\"lazy\" srcset=\"https:\/\/villa-panda.com\/wp-content\/uploads\/2020\/06\/88-copy-300x300.jpg 300w, https:\/\/villa-panda.com\/wp-content\/uploads\/2020\/06\/88-copy-150x150.jpg 150w, https:\/\/villa-panda.com\/wp-content\/uploads\/2020\/06\/88-copy-768x768.jpg 768w, https:\/\/villa-panda.com\/wp-content\/uploads\/2020\/06\/88-copy.jpg 1080w\" sizes=\"(max-width: 300px) 100vw, 300px\" \/><\/div>\n\t\t<\/a>\n\t\t\t\t<div class=\"elementor-post__text\">\n\t\t\t\t<h3 class=\"elementor-post__title\">\n\t\t\t<a href=\"https:\/\/villa-panda.com\/en\/villa-panda-mui-ne-tung-bung-uu-dai-he-2020\/\" >\n\t\t\t\t(Ti\u1ebfng Vi\u1ec7t) VILLA PANDA M\u0168I N\u00c9 &#8211; T\u01afNG B\u1eeaNG \u01afU \u0110\u00c3I H\u00c8 2020\t\t\t<\/a>\n\t\t<\/h3>\n\t\t\t\t<div class=\"elementor-post__excerpt\">\n\t\t\t<p>Sorry, this entry is only available in Vietnamese.<\/p>\n\t\t<\/div>\n\t\t\t\t\t<a class=\"elementor-post__read-more\" href=\"https:\/\/villa-panda.com\/en\/villa-panda-mui-ne-tung-bung-uu-dai-he-2020\/\" >\n\t\t\t\tRead More \u00bb\t\t\t<\/a>\n\t\t\t\t<\/div>\n\t\t\t\t\t<\/div>\n\t\t<\/article>\n\t\t\t\t<article class=\"elementor-post elementor-grid-item post-1 post type-post status-publish format-standard has-post-thumbnail hentry category-khuyen-mai\">\n\t\t\t<div class=\"elementor-post__card\">\n\t\t\t\t<a class=\"elementor-post__thumbnail__link\" href=\"https:\/\/villa-panda.com\/en\/chao-moi-nguoi\/\" >\n\t\t\t<div class=\"elementor-post__thumbnail\"><img width=\"300\" height=\"300\" src=\"https:\/\/villa-panda.com\/wp-content\/uploads\/2020\/03\/summer-activity-3-300x300.jpg\" class=\"attachment-medium size-medium\" alt=\"\" decoding=\"async\" loading=\"lazy\" srcset=\"https:\/\/villa-panda.com\/wp-content\/uploads\/2020\/03\/summer-activity-3-300x300.jpg 300w, https:\/\/villa-panda.com\/wp-content\/uploads\/2020\/03\/summer-activity-3-150x150.jpg 150w, https:\/\/villa-panda.com\/wp-content\/uploads\/2020\/03\/summer-activity-3-768x768.jpg 768w, https:\/\/villa-panda.com\/wp-content\/uploads\/2020\/03\/summer-activity-3.jpg 800w\" sizes=\"(max-width: 300px) 100vw, 300px\" \/><\/div>\n\t\t<\/a>\n\t\t\t\t<div class=\"elementor-post__text\">\n\t\t\t\t<h3 class=\"elementor-post__title\">\n\t\t\t<a href=\"https:\/\/villa-panda.com\/en\/chao-moi-nguoi\/\" >\n\t\t\t\tBeach volleyball\t\t\t<\/a>\n\t\t<\/h3>\n\t\t\t\t<div class=\"elementor-post__excerpt\">\n\t\t\t<p>Beach volleyball is ouy visitors favourite sport, highly enjoyable for everyone young or old. Just gather your team on the beach and find the opponents<\/p>\n\t\t<\/div>\n\t\t\t\t\t<a class=\"elementor-post__read-more\" href=\"https:\/\/villa-panda.com\/en\/chao-moi-nguoi\/\" >\n\t\t\t\tRead More \u00bb\t\t\t<\/a>\n\t\t\t\t<\/div>\n\t\t\t\t\t<\/div>\n\t\t<\/article>\n\t\t\t\t<\/div>\n\t\t\t\t<\/div>\n\t\t\t\t<\/div>\n\t\t\t\t\t\t<\/div>\n\t\t\t\t\t<\/div>\n\t\t<\/div>\n\t\t\t\t\t\t\t\t<\/div>\n\t\t\t\t\t<\/div>\n\t\t<\/section>\n\t\t\t\t\t\t<\/div>\n\t\t\t\t\t\t<\/div>\n\t\t\t\t\t<\/div>\n\t\t","protected":false},"excerpt":{"rendered":"<p>KHUY\u1ebeN M\u00c3I<\/p>\n","protected":false},"author":1,"featured_media":0,"parent":0,"menu_order":0,"comment_status":"closed","ping_status":"closed","template":"","meta":[],"yoast_head":"<!-- This site is optimized with the Yoast SEO Premium plugin v16.0.2 - https:\/\/yoast.com\/wordpress\/plugins\/seo\/ -->\n<title>\u01afu \u0111\u00e3i - Villa Panda Mui Ne<\/title>\n<link rel=\"canonical\" href=\"https:\/\/villa-panda.com\/uu-dai\/\" \/>\n<meta property=\"og:locale\" content=\"en_US\" \/>\n<meta property=\"og:type\" content=\"article\" \/>\n<meta property=\"og:title\" content=\"\u01afu \u0111\u00e3i - Villa Panda Mui Ne\" \/>\n<meta property=\"og:description\" content=\"KHUY\u1ebeN M\u00c3I\" \/>\n<meta property=\"og:url\" content=\"https:\/\/villa-panda.com\/uu-dai\/\" \/>\n<meta property=\"og:site_name\" content=\"Villa Panda Mui Ne\" \/>\n<meta property=\"article:modified_time\" content=\"2020-06-18T06:56:27+00:00\" \/>\n<meta name=\"twitter:card\" content=\"summary_large_image\" \/>\n<script type=\"application\/ld+json\" class=\"yoast-schema-graph\">{\"@context\":\"https:\/\/schema.org\",\"@graph\":[{\"@type\":\"WebSite\",\"@id\":\"https:\/\/villa-panda.com\/#website\",\"url\":\"https:\/\/villa-panda.com\/\",\"name\":\"Villa Panda Mui Ne\",\"description\":\"at Sea Links Golf Resort\",\"potentialAction\":[{\"@type\":\"SearchAction\",\"target\":\"https:\/\/villa-panda.com\/?s={search_term_string}\",\"query-input\":\"required name=search_term_string\"}],\"inLanguage\":\"en-US\"},{\"@type\":\"WebPage\",\"@id\":\"https:\/\/villa-panda.com\/uu-dai\/#webpage\",\"url\":\"https:\/\/villa-panda.com\/uu-dai\/\",\"name\":\"\\u01afu \\u0111\\u00e3i - Villa Panda Mui Ne\",\"isPartOf\":{\"@id\":\"https:\/\/villa-panda.com\/#website\"},\"datePublished\":\"2020-03-24T14:39:55+00:00\",\"dateModified\":\"2020-06-18T06:56:27+00:00\",\"breadcrumb\":{\"@id\":\"https:\/\/villa-panda.com\/uu-dai\/#breadcrumb\"},\"inLanguage\":\"en-US\",\"potentialAction\":[{\"@type\":\"ReadAction\",\"target\":[\"https:\/\/villa-panda.com\/uu-dai\/\"]}]},{\"@type\":\"BreadcrumbList\",\"@id\":\"https:\/\/villa-panda.com\/uu-dai\/#breadcrumb\",\"itemListElement\":[{\"@type\":\"ListItem\",\"position\":1,\"item\":{\"@type\":\"WebPage\",\"@id\":\"https:\/\/villa-panda.com\/\",\"url\":\"https:\/\/villa-panda.com\/\",\"name\":\"Home\"}},{\"@type\":\"ListItem\",\"position\":2,\"item\":{\"@type\":\"WebPage\",\"@id\":\"https:\/\/villa-panda.com\/uu-dai\/\",\"url\":\"https:\/\/villa-panda.com\/uu-dai\/\",\"name\":\"\\u01afu \\u0111\\u00e3i\"}}]}]}<\/script>\n<!-- \/ Yoast SEO Premium plugin. -->","_links":{"self":[{"href":"https:\/\/villa-panda.com\/en\/wp-json\/wp\/v2\/pages\/571"}],"collection":[{"href":"https:\/\/villa-panda.com\/en\/wp-json\/wp\/v2\/pages"}],"about":[{"href":"https:\/\/villa-panda.com\/en\/wp-json\/wp\/v2\/types\/page"}],"author":[{"embeddable":true,"href":"https:\/\/villa-panda.com\/en\/wp-json\/wp\/v2\/users\/1"}],"replies":[{"embeddable":true,"href":"https:\/\/villa-panda.com\/en\/wp-json\/wp\/v2\/comments?post=571"}],"version-history":[{"count":7,"href":"https:\/\/villa-panda.com\/en\/wp-json\/wp\/v2\/pages\/571\/revisions"}],"predecessor-version":[{"id":845,"href":"https:\/\/villa-panda.com\/en\/wp-json\/wp\/v2\/pages\/571\/revisions\/845"}],"wp:attachment":[{"href":"https:\/\/villa-panda.com\/en\/wp-json\/wp\/v2\/media?parent=571"}],"curies":[{"name":"wp","href":"https:\/\/api.w.org\/{rel}","templated":true}]}}