{"id":328,"date":"2020-03-11T10:00:22","date_gmt":"2020-03-11T10:00:22","guid":{"rendered":"http:\/\/demo.villa-panda.com\/?page_id=328"},"modified":"2024-06-25T22:29:11","modified_gmt":"2024-06-25T15:29:11","slug":"entertainment","status":"publish","type":"page","link":"https:\/\/villa-panda.com\/en\/entertainment\/","title":{"rendered":"Entertainment"},"content":{"rendered":"\t\t<div data-elementor-type=\"wp-page\" data-elementor-id=\"328\" class=\"elementor elementor-328\" data-elementor-settings=\"[]\">\n\t\t\t\t\t\t<div class=\"elementor-inner\">\n\t\t\t\t\t\t\t<div class=\"elementor-section-wrap\">\n\t\t\t\t\t\t\t<section class=\"elementor-section elementor-top-section elementor-element elementor-element-242ff7b elementor-section-stretched elementor-section-boxed elementor-section-height-default elementor-section-height-default\" data-id=\"242ff7b\" data-element_type=\"section\" data-settings=\"{&quot;background_background&quot;:&quot;classic&quot;,&quot;stretch_section&quot;:&quot;section-stretched&quot;}\">\n\t\t\t\t\t\t<div class=\"elementor-container elementor-column-gap-default\">\n\t\t\t\t\t\t\t<div class=\"elementor-row\">\n\t\t\t\t\t<div class=\"elementor-column elementor-col-100 elementor-top-column elementor-element elementor-element-8a32edf\" data-id=\"8a32edf\" data-element_type=\"column\">\n\t\t\t<div class=\"elementor-column-wrap elementor-element-populated\">\n\t\t\t\t\t\t\t<div class=\"elementor-widget-wrap\">\n\t\t\t\t\t\t<section class=\"elementor-section elementor-inner-section elementor-element elementor-element-383f632 elementor-section-boxed elementor-section-height-default elementor-section-height-default\" data-id=\"383f632\" data-element_type=\"section\">\n\t\t\t\t\t\t<div class=\"elementor-container elementor-column-gap-default\">\n\t\t\t\t\t\t\t<div class=\"elementor-row\">\n\t\t\t\t\t<div class=\"elementor-column elementor-col-100 elementor-inner-column elementor-element elementor-element-a5e8302\" data-id=\"a5e8302\" data-element_type=\"column\">\n\t\t\t<div class=\"elementor-column-wrap elementor-element-populated\">\n\t\t\t\t\t\t\t<div class=\"elementor-widget-wrap\">\n\t\t\t\t\t\t<div class=\"elementor-element elementor-element-8dfd222 elementor-widget elementor-widget-heading\" data-id=\"8dfd222\" data-element_type=\"widget\" data-widget_type=\"heading.default\">\n\t\t\t\t<div class=\"elementor-widget-container\">\n\t\t\t<h2 class=\"elementor-heading-title elementor-size-default\">Ho\u1ea1t \u0111\u1ed9ng gi\u1ea3i tr\u00ed<\/h2>\t\t<\/div>\n\t\t\t\t<\/div>\n\t\t\t\t<div class=\"elementor-element elementor-element-da12f3e elementor-widget-divider--view-line elementor-widget elementor-widget-divider\" data-id=\"da12f3e\" data-element_type=\"widget\" data-widget_type=\"divider.default\">\n\t\t\t\t<div class=\"elementor-widget-container\">\n\t\t\t\t\t<div class=\"elementor-divider\">\n\t\t\t<span class=\"elementor-divider-separator\">\n\t\t\t\t\t\t<\/span>\n\t\t<\/div>\n\t\t\t\t<\/div>\n\t\t\t\t<\/div>\n\t\t\t\t\t\t<\/div>\n\t\t\t\t\t<\/div>\n\t\t<\/div>\n\t\t\t\t\t\t\t\t<\/div>\n\t\t\t\t\t<\/div>\n\t\t<\/section>\n\t\t\t\t\t\t<\/div>\n\t\t\t\t\t<\/div>\n\t\t<\/div>\n\t\t\t\t\t\t\t\t<\/div>\n\t\t\t\t\t<\/div>\n\t\t<\/section>\n\t\t\t\t<section class=\"elementor-section elementor-top-section elementor-element elementor-element-14e2888 elementor-section-stretched elementor-section-full_width elementor-section-height-default elementor-section-height-default\" data-id=\"14e2888\" data-element_type=\"section\" data-settings=\"{&quot;stretch_section&quot;:&quot;section-stretched&quot;}\">\n\t\t\t\t\t\t<div class=\"elementor-container elementor-column-gap-no\">\n\t\t\t\t\t\t\t<div class=\"elementor-row\">\n\t\t\t\t\t<div class=\"elementor-column elementor-col-25 elementor-top-column elementor-element elementor-element-2f42bfb\" data-id=\"2f42bfb\" data-element_type=\"column\">\n\t\t\t<div class=\"elementor-column-wrap elementor-element-populated\">\n\t\t\t\t\t\t\t<div class=\"elementor-widget-wrap\">\n\t\t\t\t\t\t<div class=\"elementor-element elementor-element-9bddad4 elementor-flip-box--effect-fade elementor-widget elementor-widget-flip-box\" data-id=\"9bddad4\" data-element_type=\"widget\" data-widget_type=\"flip-box.default\">\n\t\t\t\t<div class=\"elementor-widget-container\">\n\t\t\t\t\t<div class=\"elementor-flip-box\">\n\t\t\t<div class=\"elementor-flip-box__layer elementor-flip-box__front\">\n\t\t\t\t<div class=\"elementor-flip-box__layer__overlay\">\n\t\t\t\t\t<div class=\"elementor-flip-box__layer__inner\">\n\t\t\t\t\t\t\n\t\t\t\t\t\t\t\t\t\t\t\t\t<h3 class=\"elementor-flip-box__layer__title\">\n\t\t\t\t\t\t\t\tSEA LINKS GOLF\t\t\t\t\t\t\t<\/h3>\n\t\t\t\t\t\t\n\t\t\t\t\t\t\t\t\t\t\t<\/div>\n\t\t\t\t<\/div>\n\t\t\t<\/div>\n\t\t\t<div class=\"elementor-flip-box__layer elementor-flip-box__back\">\n\t\t\t<div class=\"elementor-flip-box__layer__overlay\">\n\t\t\t\t<div class=\"elementor-flip-box__layer__inner\">\n\t\t\t\t\t\n\t\t\t\t\t\t\t\t\t\t\t<div class=\"elementor-flip-box__layer__description\">\n\t\t\t\t\t\t\tS\u00e2n Golf Sea Links tr\u1ea3i d\u00e0i tr\u00ean di\u1ec7n t\u00edch 168 ha nh\u00ecn ra Bi\u1ec3n \u0110\u00f4ng th\u01a1 m\u1ed9ng, h\u1ed9i t\u1ee5 t\u1ea5t c\u1ea3 nh\u1eefng y\u1ebfu t\u1ed1\nc\u1ee7a m\u1ed9t s\u00e2n links \u0111\u00fang ngh\u0129a v\u1edbi ti\u00eau chu\u1ea9n qu\u1ed1c t\u1ebf.\nH\u1ea7u h\u1ebft 18 l\u1ed7 \u0111\u1ec1u h\u01b0\u1edbng bi\u1ec3n, h\u00f2a m\u00ecnh trong n\u00e9t \u0111\u1eb9p t\u1ef1 nhi\u00ean c\u1ee7a \u0111\u1ed3i c\u00e1t v\u1edbi nh\u1eefng \u0111\u01b0\u1eddng cong u\u1ed1n l\u01b0\u1ee3n,\n\u0111\u1ecba h\u00ecnh \u0111\u1ed3i d\u1ed1c v\u00e0 \u0111\u01b0\u1ee3c bao b\u1ecdc b\u1edfi nh\u1eefng bunker \u0111\u1ea7y th\u1eed th\u00e1ch.\n\t\t\t\t\t\t<\/div>\n\t\t\t\t\t\n\t\t\t\t\t\t\t\t<\/div>\n\t\t<\/div>\n\t\t<\/div>\n\t\t<\/div>\n\t\t\t\t<\/div>\n\t\t\t\t<\/div>\n\t\t\t\t\t\t<\/div>\n\t\t\t\t\t<\/div>\n\t\t<\/div>\n\t\t\t\t<div class=\"elementor-column elementor-col-25 elementor-top-column elementor-element elementor-element-29cc013\" data-id=\"29cc013\" data-element_type=\"column\">\n\t\t\t<div class=\"elementor-column-wrap elementor-element-populated\">\n\t\t\t\t\t\t\t<div class=\"elementor-widget-wrap\">\n\t\t\t\t\t\t<div class=\"elementor-element elementor-element-00cb256 elementor-flip-box--effect-fade elementor-widget elementor-widget-flip-box\" data-id=\"00cb256\" data-element_type=\"widget\" data-widget_type=\"flip-box.default\">\n\t\t\t\t<div class=\"elementor-widget-container\">\n\t\t\t\t\t<div class=\"elementor-flip-box\">\n\t\t\t<div class=\"elementor-flip-box__layer elementor-flip-box__front\">\n\t\t\t\t<div class=\"elementor-flip-box__layer__overlay\">\n\t\t\t\t\t<div class=\"elementor-flip-box__layer__inner\">\n\t\t\t\t\t\t\n\t\t\t\t\t\t\t\t\t\t\t\t\t<h3 class=\"elementor-flip-box__layer__title\">\n\t\t\t\t\t\t\t\tL\u00c2U \u0110\u00c0I R\u01af\u1ee2U VANG\t\t\t\t\t\t\t<\/h3>\n\t\t\t\t\t\t\n\t\t\t\t\t\t\t\t\t\t\t<\/div>\n\t\t\t\t<\/div>\n\t\t\t<\/div>\n\t\t\t<div class=\"elementor-flip-box__layer elementor-flip-box__back\">\n\t\t\t<div class=\"elementor-flip-box__layer__overlay\">\n\t\t\t\t<div class=\"elementor-flip-box__layer__inner\">\n\t\t\t\t\t\n\t\t\t\t\t\t\t\t\t\t\t<div class=\"elementor-flip-box__layer__description\">\n\t\t\t\t\t\t\t\u0110\u1ebfn v\u1edbi L\u00e2u \u0110\u00e0i R\u01b0\u1ee3u Vang R\u0110, kh\u00e1ch tham quan kh\u00f4ng ch\u1ec9 c\u00f3 c\u01a1 h\u1ed9i kh\u00e1m ph\u00e1 v\u1ebb \u0111\u1eb9p c\u1ee7a l\u1ed1i ki\u1ebfn tr\u00fac ch\u00e2u \u00c2u th\u1eddi Trung C\u1ed5,\t\t\t\t\t\t<\/div>\n\t\t\t\t\t\n\t\t\t\t\t\t\t\t<\/div>\n\t\t<\/div>\n\t\t<\/div>\n\t\t<\/div>\n\t\t\t\t<\/div>\n\t\t\t\t<\/div>\n\t\t\t\t\t\t<\/div>\n\t\t\t\t\t<\/div>\n\t\t<\/div>\n\t\t\t\t<div class=\"elementor-column elementor-col-25 elementor-top-column elementor-element elementor-element-5b2bbae\" data-id=\"5b2bbae\" data-element_type=\"column\">\n\t\t\t<div class=\"elementor-column-wrap elementor-element-populated\">\n\t\t\t\t\t\t\t<div class=\"elementor-widget-wrap\">\n\t\t\t\t\t\t<div class=\"elementor-element elementor-element-3b3706c elementor-flip-box--effect-fade elementor-widget elementor-widget-flip-box\" data-id=\"3b3706c\" data-element_type=\"widget\" data-widget_type=\"flip-box.default\">\n\t\t\t\t<div class=\"elementor-widget-container\">\n\t\t\t\t\t<div class=\"elementor-flip-box\">\n\t\t\t<div class=\"elementor-flip-box__layer elementor-flip-box__front\">\n\t\t\t\t<div class=\"elementor-flip-box__layer__overlay\">\n\t\t\t\t\t<div class=\"elementor-flip-box__layer__inner\">\n\t\t\t\t\t\t\n\t\t\t\t\t\t\t\t\t\t\t\t\t<h3 class=\"elementor-flip-box__layer__title\">\n\t\t\t\t\t\t\t\tCLB C\u00c2U C\u00c1\t\t\t\t\t\t\t<\/h3>\n\t\t\t\t\t\t\n\t\t\t\t\t\t\t\t\t\t\t<\/div>\n\t\t\t\t<\/div>\n\t\t\t<\/div>\n\t\t\t<div class=\"elementor-flip-box__layer elementor-flip-box__back\">\n\t\t\t<div class=\"elementor-flip-box__layer__overlay\">\n\t\t\t\t<div class=\"elementor-flip-box__layer__inner\">\n\t\t\t\t\t\n\t\t\t\t\t\t\t\t\t\t\t<div class=\"elementor-flip-box__layer__description\">\n\t\t\t\t\t\t\tC\u00e2u L\u1ea1c B\u1ed9 C\u00e2u C\u00e1 Sea Links l\u00e0 n\u01a1i l\u00fd t\u01b0\u1edfng d\u00e0nh cho gia \u0111\u00ecnh v\u00e0 nh\u00f3m b\u1ea1n \u0111ang t\u00ecm ki\u1ebfm\nm\u1ed9t kh\u00f4ng gian th\u01b0 gi\u00e3n, trong l\u00e0nh v\u00e0 m\u00e1t m\u1ebb.\nBao g\u1ed3m 13 ch\u00f2i c\u00e2u ri\u00eang bi\u1ec7t v\u00e0 m\u1ed9t nh\u00e0 h\u00e0ng s\u1eb5n s\u00e0ng ph\u1ee5c v\u1ee5\nc\u00e1c nhu c\u1ea7u \u1ea9m th\u1ef1c t\u1ea1i ch\u1ed7, \u0111\u00e2y l\u00e0 n\u01a1i gi\u00fap b\u1ea1n t\u1ea1m qu\u00ean \u0111i nh\u1eefng h\u1ed1i h\u1ea3 th\u01b0\u1eddng nh\u1eadt.\n\t\t\t\t\t\t<\/div>\n\t\t\t\t\t\n\t\t\t\t\t\t\t\t<\/div>\n\t\t<\/div>\n\t\t<\/div>\n\t\t<\/div>\n\t\t\t\t<\/div>\n\t\t\t\t<\/div>\n\t\t\t\t\t\t<\/div>\n\t\t\t\t\t<\/div>\n\t\t<\/div>\n\t\t\t\t<div class=\"elementor-column elementor-col-25 elementor-top-column elementor-element elementor-element-fe151b3\" data-id=\"fe151b3\" data-element_type=\"column\">\n\t\t\t<div class=\"elementor-column-wrap elementor-element-populated\">\n\t\t\t\t\t\t\t<div class=\"elementor-widget-wrap\">\n\t\t\t\t\t\t<div class=\"elementor-element elementor-element-606a6b4 elementor-flip-box--effect-fade elementor-widget elementor-widget-flip-box\" data-id=\"606a6b4\" data-element_type=\"widget\" data-widget_type=\"flip-box.default\">\n\t\t\t\t<div class=\"elementor-widget-container\">\n\t\t\t\t\t<div class=\"elementor-flip-box\">\n\t\t\t<div class=\"elementor-flip-box__layer elementor-flip-box__front\">\n\t\t\t\t<div class=\"elementor-flip-box__layer__overlay\">\n\t\t\t\t\t<div class=\"elementor-flip-box__layer__inner\">\n\t\t\t\t\t\t\n\t\t\t\t\t\t\t\t\t\t\t\t\t<h3 class=\"elementor-flip-box__layer__title\">\n\t\t\t\t\t\t\t\tH\u1ed2 B\u01a0I\t\t\t\t\t\t\t<\/h3>\n\t\t\t\t\t\t\n\t\t\t\t\t\t\t\t\t\t\t<\/div>\n\t\t\t\t<\/div>\n\t\t\t<\/div>\n\t\t\t<div class=\"elementor-flip-box__layer elementor-flip-box__back\">\n\t\t\t<div class=\"elementor-flip-box__layer__overlay\">\n\t\t\t\t<div class=\"elementor-flip-box__layer__inner\">\n\t\t\t\t\t\n\t\t\t\t\t\t\t\t\t\t\t<div class=\"elementor-flip-box__layer__description\">\n\t\t\t\t\t\t\t\u0110\u01b0\u1ee3c xem l\u00e0 m\u1ed9t trong nh\u1eefng h\u1ed3 b\u01a1i l\u1edbn nh\u1ea5t v\u1ecbnh M\u0169i N\u00e9, h\u1ed3 b\u01a1i t\u1ea1i Sea Links City mang \u0111\u1ebfn\ncho kh\u00e1ch h\u00e0ng nh\u1eefng gi\u00e2y ph\u00fat c\u1ef1c k\u1ef3 th\u01b0 gi\u00e3n khi ng\u00e2m m\u00ecnh d\u01b0\u1edbi l\u00e0n n\u01b0\u1edbc trong xanh\nv\u00e0 th\u01b0\u1edfng th\u1ee9c ly Cocktail \u0111\u1eadm v\u1ecb tr\u00e1i c\u00e2y mi\u1ec1n nhi\u1ec7t \u0111\u1edbi\t\t\t\t\t\t<\/div>\n\t\t\t\t\t\n\t\t\t\t\t\t\t\t<\/div>\n\t\t<\/div>\n\t\t<\/div>\n\t\t<\/div>\n\t\t\t\t<\/div>\n\t\t\t\t<\/div>\n\t\t\t\t\t\t<\/div>\n\t\t\t\t\t<\/div>\n\t\t<\/div>\n\t\t\t\t\t\t\t\t<\/div>\n\t\t\t\t\t<\/div>\n\t\t<\/section>\n\t\t\t\t<section class=\"elementor-section elementor-top-section elementor-element elementor-element-fcdd649 elementor-section-stretched elementor-section-full_width elementor-section-height-default elementor-section-height-default\" data-id=\"fcdd649\" data-element_type=\"section\" data-settings=\"{&quot;stretch_section&quot;:&quot;section-stretched&quot;}\">\n\t\t\t\t\t\t<div class=\"elementor-container elementor-column-gap-no\">\n\t\t\t\t\t\t\t<div class=\"elementor-row\">\n\t\t\t\t\t<div class=\"elementor-column elementor-col-25 elementor-top-column elementor-element elementor-element-36f4d4c\" data-id=\"36f4d4c\" data-element_type=\"column\">\n\t\t\t<div class=\"elementor-column-wrap elementor-element-populated\">\n\t\t\t\t\t\t\t<div class=\"elementor-widget-wrap\">\n\t\t\t\t\t\t<div class=\"elementor-element elementor-element-90dc46b elementor-flip-box--effect-fade elementor-widget elementor-widget-flip-box\" data-id=\"90dc46b\" data-element_type=\"widget\" data-widget_type=\"flip-box.default\">\n\t\t\t\t<div class=\"elementor-widget-container\">\n\t\t\t\t\t<div class=\"elementor-flip-box\">\n\t\t\t<div class=\"elementor-flip-box__layer elementor-flip-box__front\">\n\t\t\t\t<div class=\"elementor-flip-box__layer__overlay\">\n\t\t\t\t\t<div class=\"elementor-flip-box__layer__inner\">\n\t\t\t\t\t\t\n\t\t\t\t\t\t\t\t\t\t\t\t\t<h3 class=\"elementor-flip-box__layer__title\">\n\t\t\t\t\t\t\t\tTH\u1ec2 THAO TR\u00caN BI\u1ec2N\t\t\t\t\t\t\t<\/h3>\n\t\t\t\t\t\t\n\t\t\t\t\t\t\t\t\t\t\t\t\t<div class=\"elementor-flip-box__layer__description\">\n\t\t\t\t\t\t\t\t\n\t\t\t\t\t\t\t<\/div>\n\t\t\t\t\t\t\t\t\t\t\t<\/div>\n\t\t\t\t<\/div>\n\t\t\t<\/div>\n\t\t\t<div class=\"elementor-flip-box__layer elementor-flip-box__back\">\n\t\t\t<div class=\"elementor-flip-box__layer__overlay\">\n\t\t\t\t<div class=\"elementor-flip-box__layer__inner\">\n\t\t\t\t\t\n\t\t\t\t\t\t\t\t\t\t\t<div class=\"elementor-flip-box__layer__description\">\n\t\t\t\t\t\t\tC\u00e1c m\u00f4n th\u1ec3 thao tr\u00ean bi\u1ec3n s\u1ebd gi\u00fap tinh th\u1ea7n c\u1ee7a b\u1ea1n \u0111\u01b0\u1ee3c h\u1ee9ng kh\u1edfi trong nh\u1eefng ng\u00e0y ngh\u1ec9 tuy\u1ec7t v\u1eddi t\u1ea1i M\u0169i N\u00e9. C\u00e1c trung t\u00e2m hu\u1ea5n luy\u1ec7n chuy\u00ean nghi\u1ec7p n\u00e0y n\u1eb1m ngay tr\u00ean b\u00e3i bi\u1ec3n g\u1ea7n khu Villa. C\u00e1c hu\u1ea5n luy\u1ec7n vi\u00ean l\u00e0nh ngh\u1ec1 s\u1ebd lu\u00f4n s\u1eb5n s\u00e0ng h\u01b0\u1edbng d\u1eabn b\u1ea1n n\u1ebfu b\u1ea1n ch\u01b0a t\u1eebng ch\u01a1i qua c\u00e1c m\u00f4n th\u1ec3 thao n\u00e0y. M\u1ed9t ho\u1ea1t \u0111\u1ed9ng kh\u00f4ng n\u00ean b\u1ecf l\u1ee1.\n\n\t\t\t\t\t\t<\/div>\n\t\t\t\t\t\n\t\t\t\t\t\t\t\t<\/div>\n\t\t<\/div>\n\t\t<\/div>\n\t\t<\/div>\n\t\t\t\t<\/div>\n\t\t\t\t<\/div>\n\t\t\t\t<div class=\"elementor-element elementor-element-0636c6c elementor-flip-box--effect-fade elementor-widget elementor-widget-flip-box\" data-id=\"0636c6c\" data-element_type=\"widget\" data-widget_type=\"flip-box.default\">\n\t\t\t\t<div class=\"elementor-widget-container\">\n\t\t\t\t\t<div class=\"elementor-flip-box\">\n\t\t\t<div class=\"elementor-flip-box__layer elementor-flip-box__front\">\n\t\t\t\t<div class=\"elementor-flip-box__layer__overlay\">\n\t\t\t\t\t<div class=\"elementor-flip-box__layer__inner\">\n\t\t\t\t\t\t\n\t\t\t\t\t\t\t\t\t\t\t\t\t<h3 class=\"elementor-flip-box__layer__title\">\n\t\t\t\t\t\t\t\tS\u00e2n Tennis\t\t\t\t\t\t\t<\/h3>\n\t\t\t\t\t\t\n\t\t\t\t\t\t\t\t\t\t\t\t\t<div class=\"elementor-flip-box__layer__description\">\n\t\t\t\t\t\t\t\t\n\t\t\t\t\t\t\t<\/div>\n\t\t\t\t\t\t\t\t\t\t\t<\/div>\n\t\t\t\t<\/div>\n\t\t\t<\/div>\n\t\t\t<div class=\"elementor-flip-box__layer elementor-flip-box__back\">\n\t\t\t<div class=\"elementor-flip-box__layer__overlay\">\n\t\t\t\t<div class=\"elementor-flip-box__layer__inner\">\n\t\t\t\t\t\n\t\t\t\t\t\t\t\t\t\t\t<div class=\"elementor-flip-box__layer__description\">\n\t\t\t\t\t\t\tTh\u1eddi gian ph\u1ee5c v\u1ee5: 06.00 AM - 10.00 PM\nMi\u1ec5n ph\u00ed cho kh\u00e1ch l\u01b0u tr\u00fa l\u1ea1i Kh\u00e1ch s\u1ea1n t\u1eeb: 6.00 AM - 05.00 PM\n\t\t\t\t\t\t<\/div>\n\t\t\t\t\t\n\t\t\t\t\t\t\t\t<\/div>\n\t\t<\/div>\n\t\t<\/div>\n\t\t<\/div>\n\t\t\t\t<\/div>\n\t\t\t\t<\/div>\n\t\t\t\t\t\t<\/div>\n\t\t\t\t\t<\/div>\n\t\t<\/div>\n\t\t\t\t<div class=\"elementor-column elementor-col-25 elementor-top-column elementor-element elementor-element-7ab08bb\" data-id=\"7ab08bb\" data-element_type=\"column\">\n\t\t\t<div class=\"elementor-column-wrap elementor-element-populated\">\n\t\t\t\t\t\t\t<div class=\"elementor-widget-wrap\">\n\t\t\t\t\t\t<div class=\"elementor-element elementor-element-4708b95 elementor-flip-box--effect-fade elementor-widget elementor-widget-flip-box\" data-id=\"4708b95\" data-element_type=\"widget\" data-widget_type=\"flip-box.default\">\n\t\t\t\t<div class=\"elementor-widget-container\">\n\t\t\t\t\t<div class=\"elementor-flip-box\">\n\t\t\t<div class=\"elementor-flip-box__layer elementor-flip-box__front\">\n\t\t\t\t<div class=\"elementor-flip-box__layer__overlay\">\n\t\t\t\t\t<div class=\"elementor-flip-box__layer__inner\">\n\t\t\t\t\t\t\n\t\t\t\t\t\t\t\t\t\t\t\t\t<h3 class=\"elementor-flip-box__layer__title\">\n\t\t\t\t\t\t\t\tXE \u0110\u1ea0P\t\t\t\t\t\t\t<\/h3>\n\t\t\t\t\t\t\n\t\t\t\t\t\t\t\t\t\t\t<\/div>\n\t\t\t\t<\/div>\n\t\t\t<\/div>\n\t\t\t<div class=\"elementor-flip-box__layer elementor-flip-box__back\">\n\t\t\t<div class=\"elementor-flip-box__layer__overlay\">\n\t\t\t\t<div class=\"elementor-flip-box__layer__inner\">\n\t\t\t\t\t\n\t\t\t\t\t\t\t\t\t\t\t<div class=\"elementor-flip-box__layer__description\">\n\t\t\t\t\t\t\tM\u0169i N\u00e9 cung c\u1ea5p tour du l\u1ecbch \u0111i xe \u0111\u1ea1p tuy\u1ec7t v\u1eddi v\u00e0 \u0111i b\u1ed9 \u0111\u01b0\u1eddng d\u00e0i. Li\u00ean h\u1ec7 c\u00f4ng ty Kim Son Hiking and Biking Center: http:\/\/www.langtoiksmuine.com\/\n\n\t\t\t\t\t\t<\/div>\n\t\t\t\t\t\n\t\t\t\t\t\t\t\t<\/div>\n\t\t<\/div>\n\t\t<\/div>\n\t\t<\/div>\n\t\t\t\t<\/div>\n\t\t\t\t<\/div>\n\t\t\t\t<div class=\"elementor-element elementor-element-dd7a850 elementor-flip-box--effect-fade elementor-widget elementor-widget-flip-box\" data-id=\"dd7a850\" data-element_type=\"widget\" data-widget_type=\"flip-box.default\">\n\t\t\t\t<div class=\"elementor-widget-container\">\n\t\t\t\t\t<div class=\"elementor-flip-box\">\n\t\t\t<div class=\"elementor-flip-box__layer elementor-flip-box__front\">\n\t\t\t\t<div class=\"elementor-flip-box__layer__overlay\">\n\t\t\t\t\t<div class=\"elementor-flip-box__layer__inner\">\n\t\t\t\t\t\t\n\t\t\t\t\t\t\t\t\t\t\t\t\t<h3 class=\"elementor-flip-box__layer__title\">\n\t\t\t\t\t\t\t\tCh\u00e8o Thuy\u1ec1n Kayak\t\t\t\t\t\t\t<\/h3>\n\t\t\t\t\t\t\n\t\t\t\t\t\t\t\t\t\t\t<\/div>\n\t\t\t\t<\/div>\n\t\t\t<\/div>\n\t\t\t<div class=\"elementor-flip-box__layer elementor-flip-box__back\">\n\t\t\t<div class=\"elementor-flip-box__layer__overlay\">\n\t\t\t\t<div class=\"elementor-flip-box__layer__inner\">\n\t\t\t\t\t\n\t\t\t\t\t\t\t\t\t\t\t<div class=\"elementor-flip-box__layer__description\">\n\t\t\t\t\t\t\tKh\u00e1m ph\u00e1 b\u00e3i bi\u1ec3n Phan Thi\u1ebft v\u1edbi chi\u1ebfc thuy\u1ec1n kayak c\u1ee7a Villa Panda\t\t\t\t\t\t<\/div>\n\t\t\t\t\t\n\t\t\t\t\t\t\t\t<\/div>\n\t\t<\/div>\n\t\t<\/div>\n\t\t<\/div>\n\t\t\t\t<\/div>\n\t\t\t\t<\/div>\n\t\t\t\t\t\t<\/div>\n\t\t\t\t\t<\/div>\n\t\t<\/div>\n\t\t\t\t<div class=\"elementor-column elementor-col-25 elementor-top-column elementor-element elementor-element-be5cbb0\" data-id=\"be5cbb0\" data-element_type=\"column\">\n\t\t\t<div class=\"elementor-column-wrap elementor-element-populated\">\n\t\t\t\t\t\t\t<div class=\"elementor-widget-wrap\">\n\t\t\t\t\t\t<div class=\"elementor-element elementor-element-1bd289c elementor-flip-box--effect-fade elementor-widget elementor-widget-flip-box\" data-id=\"1bd289c\" data-element_type=\"widget\" data-widget_type=\"flip-box.default\">\n\t\t\t\t<div class=\"elementor-widget-container\">\n\t\t\t\t\t<div class=\"elementor-flip-box\">\n\t\t\t<div class=\"elementor-flip-box__layer elementor-flip-box__front\">\n\t\t\t\t<div class=\"elementor-flip-box__layer__overlay\">\n\t\t\t\t\t<div class=\"elementor-flip-box__layer__inner\">\n\t\t\t\t\t\t\n\t\t\t\t\t\t\t\t\t\t\t\t\t<h3 class=\"elementor-flip-box__layer__title\">\n\t\t\t\t\t\t\t\tL\u1edaP H\u1eccC YOGA M\u0168I N\u00c9\t\t\t\t\t\t\t<\/h3>\n\t\t\t\t\t\t\n\t\t\t\t\t\t\t\t\t\t\t<\/div>\n\t\t\t\t<\/div>\n\t\t\t<\/div>\n\t\t\t<div class=\"elementor-flip-box__layer elementor-flip-box__back\">\n\t\t\t<div class=\"elementor-flip-box__layer__overlay\">\n\t\t\t\t<div class=\"elementor-flip-box__layer__inner\">\n\t\t\t\t\t\n\t\t\t\t\t\t\t\t\t\t\t<div class=\"elementor-flip-box__layer__description\">\n\t\t\t\t\t\t\tB\u1ea1n c\u00f3 th\u1ec3 tham gia v\u00e0o m\u1ed9t l\u1edbp h\u1ecdc Yoga t\u1ea1i m\u1ed9t trung t\u00e2m g\u1ea7n khu Villa. C\u00e1c l\u1edbp ri\u00eang c\u0169ng c\u00f3 th\u1ec3 \u0111\u01b0\u1ee3c s\u1eafp x\u1ebfp. http:\/\/www.yogadomnagore.com\/#!yoga-house\/chps\n\n\t\t\t\t\t\t<\/div>\n\t\t\t\t\t\n\t\t\t\t\t\t\t\t<\/div>\n\t\t<\/div>\n\t\t<\/div>\n\t\t<\/div>\n\t\t\t\t<\/div>\n\t\t\t\t<\/div>\n\t\t\t\t\t\t<\/div>\n\t\t\t\t\t<\/div>\n\t\t<\/div>\n\t\t\t\t<div class=\"elementor-column elementor-col-25 elementor-top-column elementor-element elementor-element-427251c\" data-id=\"427251c\" data-element_type=\"column\">\n\t\t\t<div class=\"elementor-column-wrap elementor-element-populated\">\n\t\t\t\t\t\t\t<div class=\"elementor-widget-wrap\">\n\t\t\t\t\t\t<div class=\"elementor-element elementor-element-0a970aa elementor-flip-box--effect-fade elementor-widget elementor-widget-flip-box\" data-id=\"0a970aa\" data-element_type=\"widget\" data-widget_type=\"flip-box.default\">\n\t\t\t\t<div class=\"elementor-widget-container\">\n\t\t\t\t\t<div class=\"elementor-flip-box\">\n\t\t\t<div class=\"elementor-flip-box__layer elementor-flip-box__front\">\n\t\t\t\t<div class=\"elementor-flip-box__layer__overlay\">\n\t\t\t\t\t<div class=\"elementor-flip-box__layer__inner\">\n\t\t\t\t\t\t\n\t\t\t\t\t\t\t\t\t\t\t\t\t<h3 class=\"elementor-flip-box__layer__title\">\n\t\t\t\t\t\t\t\tTOUR DU L\u1ecaCH PHAN THI\u1ebeT\t\t\t\t\t\t\t<\/h3>\n\t\t\t\t\t\t\n\t\t\t\t\t\t\t\t\t\t\t<\/div>\n\t\t\t\t<\/div>\n\t\t\t<\/div>\n\t\t\t<div class=\"elementor-flip-box__layer elementor-flip-box__back\">\n\t\t\t<div class=\"elementor-flip-box__layer__overlay\">\n\t\t\t\t<div class=\"elementor-flip-box__layer__inner\">\n\t\t\t\t\t\n\t\t\t\t\t\t\t\t\t\t\t<div class=\"elementor-flip-box__layer__description\">\n\t\t\t\t\t\t\tB\u1ea1n c\u00f3 th\u1ec3 tham quan \u0110\u1ed3i C\u00e1t, Su\u1ed1i Ti\u00ean, hay tour t\u00ecm hi\u1ec3u v\u1ec1 th\u00e0nh ph\u1ed1 Phan Thi\u1ebft v\u1edbi c\u00e1c \u0111\u01a1n v\u1ecb cung c\u1ea5p tour du l\u1ecbch g\u1ea7n khu Villa.\n\n\t\t\t\t\t\t<\/div>\n\t\t\t\t\t\n\t\t\t\t\t\t\t\t<\/div>\n\t\t<\/div>\n\t\t<\/div>\n\t\t<\/div>\n\t\t\t\t<\/div>\n\t\t\t\t<\/div>\n\t\t\t\t\t\t<\/div>\n\t\t\t\t\t<\/div>\n\t\t<\/div>\n\t\t\t\t\t\t\t\t<\/div>\n\t\t\t\t\t<\/div>\n\t\t<\/section>\n\t\t\t\t\t\t<\/div>\n\t\t\t\t\t\t<\/div>\n\t\t\t\t\t<\/div>\n\t\t","protected":false},"excerpt":{"rendered":"<p>Ho\u1ea1t \u0111\u1ed9ng gi\u1ea3i tr\u00ed SEA LINKS GOLF S\u00e2n Golf Sea Links tr\u1ea3i d\u00e0i tr\u00ean di\u1ec7n t\u00edch 168 ha nh\u00ecn ra Bi\u1ec3n \u0110\u00f4ng th\u01a1 m\u1ed9ng, h\u1ed9i t\u1ee5 t\u1ea5t c\u1ea3 nh\u1eefng y\u1ebfu t\u1ed1 c\u1ee7a m\u1ed9t s\u00e2n links \u0111\u00fang ngh\u0129a v\u1edbi ti\u00eau chu\u1ea9n qu\u1ed1c t\u1ebf. H\u1ea7u h\u1ebft 18 l\u1ed7 \u0111\u1ec1u h\u01b0\u1edbng bi\u1ec3n, h\u00f2a m\u00ecnh trong n\u00e9t \u0111\u1eb9p t\u1ef1 [&#8230;]\n","protected":false},"author":1,"featured_media":0,"parent":0,"menu_order":0,"comment_status":"closed","ping_status":"closed","template":"","meta":[],"yoast_head":"<!-- This site is optimized with the Yoast SEO Premium plugin v16.0.2 - https:\/\/yoast.com\/wordpress\/plugins\/seo\/ -->\n<title>Entertainment - Villa Panda Mui Ne<\/title>\n<link rel=\"canonical\" href=\"https:\/\/villa-panda.com\/entertainment\/\" \/>\n<meta property=\"og:locale\" content=\"en_US\" \/>\n<meta property=\"og:type\" content=\"article\" \/>\n<meta property=\"og:title\" content=\"Entertainment - Villa Panda Mui Ne\" \/>\n<meta property=\"og:description\" content=\"Ho\u1ea1t \u0111\u1ed9ng gi\u1ea3i tr\u00ed SEA LINKS GOLF S\u00e2n Golf Sea Links tr\u1ea3i d\u00e0i tr\u00ean di\u1ec7n t\u00edch 168 ha nh\u00ecn ra Bi\u1ec3n \u0110\u00f4ng th\u01a1 m\u1ed9ng, h\u1ed9i t\u1ee5 t\u1ea5t c\u1ea3 nh\u1eefng y\u1ebfu t\u1ed1 c\u1ee7a m\u1ed9t s\u00e2n links \u0111\u00fang ngh\u0129a v\u1edbi ti\u00eau chu\u1ea9n qu\u1ed1c t\u1ebf. H\u1ea7u h\u1ebft 18 l\u1ed7 \u0111\u1ec1u h\u01b0\u1edbng bi\u1ec3n, h\u00f2a m\u00ecnh trong n\u00e9t \u0111\u1eb9p t\u1ef1 [...]\" \/>\n<meta property=\"og:url\" content=\"https:\/\/villa-panda.com\/entertainment\/\" \/>\n<meta property=\"og:site_name\" content=\"Villa Panda Mui Ne\" \/>\n<meta property=\"article:modified_time\" content=\"2024-06-25T15:29:11+00:00\" \/>\n<meta name=\"twitter:card\" content=\"summary_large_image\" \/>\n<meta name=\"twitter:label1\" content=\"Est. reading time\">\n\t<meta name=\"twitter:data1\" content=\"3 minutes\">\n<script type=\"application\/ld+json\" class=\"yoast-schema-graph\">{\"@context\":\"https:\/\/schema.org\",\"@graph\":[{\"@type\":\"WebSite\",\"@id\":\"https:\/\/villa-panda.com\/#website\",\"url\":\"https:\/\/villa-panda.com\/\",\"name\":\"Villa Panda Mui Ne\",\"description\":\"at Sea Links Golf Resort\",\"potentialAction\":[{\"@type\":\"SearchAction\",\"target\":\"https:\/\/villa-panda.com\/?s={search_term_string}\",\"query-input\":\"required name=search_term_string\"}],\"inLanguage\":\"en-US\"},{\"@type\":\"WebPage\",\"@id\":\"https:\/\/villa-panda.com\/entertainment\/#webpage\",\"url\":\"https:\/\/villa-panda.com\/entertainment\/\",\"name\":\"Entertainment - Villa Panda Mui Ne\",\"isPartOf\":{\"@id\":\"https:\/\/villa-panda.com\/#website\"},\"datePublished\":\"2020-03-11T10:00:22+00:00\",\"dateModified\":\"2024-06-25T15:29:11+00:00\",\"breadcrumb\":{\"@id\":\"https:\/\/villa-panda.com\/entertainment\/#breadcrumb\"},\"inLanguage\":\"en-US\",\"potentialAction\":[{\"@type\":\"ReadAction\",\"target\":[\"https:\/\/villa-panda.com\/entertainment\/\"]}]},{\"@type\":\"BreadcrumbList\",\"@id\":\"https:\/\/villa-panda.com\/entertainment\/#breadcrumb\",\"itemListElement\":[{\"@type\":\"ListItem\",\"position\":1,\"item\":{\"@type\":\"WebPage\",\"@id\":\"https:\/\/villa-panda.com\/\",\"url\":\"https:\/\/villa-panda.com\/\",\"name\":\"Home\"}},{\"@type\":\"ListItem\",\"position\":2,\"item\":{\"@type\":\"WebPage\",\"@id\":\"https:\/\/villa-panda.com\/entertainment\/\",\"url\":\"https:\/\/villa-panda.com\/entertainment\/\",\"name\":\"Gi\\u1ea3i tr\\u00ed\"}}]}]}<\/script>\n<!-- \/ Yoast SEO Premium plugin. -->","_links":{"self":[{"href":"https:\/\/villa-panda.com\/en\/wp-json\/wp\/v2\/pages\/328"}],"collection":[{"href":"https:\/\/villa-panda.com\/en\/wp-json\/wp\/v2\/pages"}],"about":[{"href":"https:\/\/villa-panda.com\/en\/wp-json\/wp\/v2\/types\/page"}],"author":[{"embeddable":true,"href":"https:\/\/villa-panda.com\/en\/wp-json\/wp\/v2\/users\/1"}],"replies":[{"embeddable":true,"href":"https:\/\/villa-panda.com\/en\/wp-json\/wp\/v2\/comments?post=328"}],"version-history":[{"count":16,"href":"https:\/\/villa-panda.com\/en\/wp-json\/wp\/v2\/pages\/328\/revisions"}],"predecessor-version":[{"id":1109,"href":"https:\/\/villa-panda.com\/en\/wp-json\/wp\/v2\/pages\/328\/revisions\/1109"}],"wp:attachment":[{"href":"https:\/\/villa-panda.com\/en\/wp-json\/wp\/v2\/media?parent=328"}],"curies":[{"name":"wp","href":"https:\/\/api.w.org\/{rel}","templated":true}]}}