{"id":320,"date":"2020-03-11T10:00:22","date_gmt":"2020-03-11T10:00:22","guid":{"rendered":"http:\/\/demo.villa-panda.com\/?page_id=320"},"modified":"2021-04-06T21:15:48","modified_gmt":"2021-04-06T14:15:48","slug":"hoi-dap","status":"publish","type":"page","link":"https:\/\/villa-panda.com\/en\/hoi-dap\/","title":{"rendered":"H\u1ecfi \u0111\u00e1p"},"content":{"rendered":"\t\t<div data-elementor-type=\"wp-page\" data-elementor-id=\"320\" class=\"elementor elementor-320\" data-elementor-settings=\"[]\">\n\t\t\t\t\t\t<div class=\"elementor-inner\">\n\t\t\t\t\t\t\t<div class=\"elementor-section-wrap\">\n\t\t\t\t\t\t\t<section class=\"elementor-section elementor-top-section elementor-element elementor-element-501ac39 elementor-section-boxed elementor-section-height-default elementor-section-height-default\" data-id=\"501ac39\" data-element_type=\"section\">\n\t\t\t\t\t\t<div class=\"elementor-container elementor-column-gap-default\">\n\t\t\t\t\t\t\t<div class=\"elementor-row\">\n\t\t\t\t\t<div class=\"elementor-column elementor-col-100 elementor-top-column elementor-element elementor-element-a14133d\" data-id=\"a14133d\" data-element_type=\"column\">\n\t\t\t<div class=\"elementor-column-wrap elementor-element-populated\">\n\t\t\t\t\t\t\t<div class=\"elementor-widget-wrap\">\n\t\t\t\t\t\t<div class=\"elementor-element elementor-element-a961252 elementor-invisible elementor-widget elementor-widget-accordion\" data-id=\"a961252\" data-element_type=\"widget\" data-settings=\"{&quot;motion_fx_motion_fx_mouse&quot;:&quot;yes&quot;,&quot;_animation&quot;:&quot;fadeInDown&quot;}\" data-widget_type=\"accordion.default\">\n\t\t\t\t<div class=\"elementor-widget-container\">\n\t\t\t\t\t<div class=\"elementor-accordion\" role=\"tablist\">\n\t\t\t\t\t\t\t<div class=\"elementor-accordion-item\">\n\t\t\t\t\t<div id=\"elementor-tab-title-1771\" class=\"elementor-tab-title\" data-tab=\"1\" role=\"tab\" aria-controls=\"elementor-tab-content-1771\" aria-expanded=\"false\">\n\t\t\t\t\t\t\t\t\t\t\t\t\t<span class=\"elementor-accordion-icon elementor-accordion-icon-left\" aria-hidden=\"true\">\n\t\t\t\t\t\t\t\t\t\t\t\t\t\t\t<span class=\"elementor-accordion-icon-closed\"><i class=\"fas fa-plus\"><\/i><\/span>\n\t\t\t\t\t\t\t\t<span class=\"elementor-accordion-icon-opened\"><i class=\"fas fa-minus\"><\/i><\/span>\n\t\t\t\t\t\t\t\t\t\t\t\t\t\t<\/span>\n\t\t\t\t\t\t\t\t\t\t\t\t<a class=\"elementor-accordion-title\" href=\"\">TH\u00c0NH PH\u1ed0 PHAN THI\u1ebeT C\u00c1CH BI\u1ec6T TH\u1ef0 BAO XA?<\/a>\n\t\t\t\t\t<\/div>\n\t\t\t\t\t<div id=\"elementor-tab-content-1771\" class=\"elementor-tab-content elementor-clearfix\" data-tab=\"1\" role=\"tabpanel\" aria-labelledby=\"elementor-tab-title-1771\"><p>Th\u00e0nh ph\u1ed1 Phan Thi\u1ebft c\u00e1ch bi\u1ec7t th\u1ef1 kho\u1ea3ng 10 km. C\u00f3 si\u00eau th\u1ecb v\u00e0 \u0111\u1ea7y \u0111\u1ee7 c\u00e1c ti\u1ec7n h\u00e0ng qu\u00e1n.\u00a0Ngo\u00e0i ra, c\u00f2n c\u00f3 d\u1ecbch v\u1ee5 xe bu\u00fdt c\u00f4ng c\u1ed9ng \u0111i v\u00e0 \u0111\u1ebfn Phan Thi\u1ebft (c\u1ee9 sau 15 ph\u00fat v\u00e0 kho\u1ea3ng 50 ngh\u00ecn \u0111\u1ed3ng \/ ng\u01b0\u1eddi). Nh\u01b0ng Kh\u00e1ch c\u1ee7a Villa Panda l\u1ea1i th\u01b0\u1eddng xuy\u00ean s\u1eed d\u1ee5ng Taxi \u0111\u1ec3 di chuy\u1ec3n, v\u1eeba nhanh l\u1ea1i v\u1eeba ti\u1ec7n l\u1ee3i!<\/p><\/div>\n\t\t\t\t<\/div>\n\t\t\t\t\t\t\t<div class=\"elementor-accordion-item\">\n\t\t\t\t\t<div id=\"elementor-tab-title-1772\" class=\"elementor-tab-title\" data-tab=\"2\" role=\"tab\" aria-controls=\"elementor-tab-content-1772\" aria-expanded=\"false\">\n\t\t\t\t\t\t\t\t\t\t\t\t\t<span class=\"elementor-accordion-icon elementor-accordion-icon-left\" aria-hidden=\"true\">\n\t\t\t\t\t\t\t\t\t\t\t\t\t\t\t<span class=\"elementor-accordion-icon-closed\"><i class=\"fas fa-plus\"><\/i><\/span>\n\t\t\t\t\t\t\t\t<span class=\"elementor-accordion-icon-opened\"><i class=\"fas fa-minus\"><\/i><\/span>\n\t\t\t\t\t\t\t\t\t\t\t\t\t\t<\/span>\n\t\t\t\t\t\t\t\t\t\t\t\t<a class=\"elementor-accordion-title\" href=\"\">C\u00d3 C\u1eecA H\u00c0NG TI\u1ec6N L\u1ee2I N\u00c0O G\u1ea6N KHU NGH\u1ec8 M\u00c1T KH\u00d4NG?<\/a>\n\t\t\t\t\t<\/div>\n\t\t\t\t\t<div id=\"elementor-tab-content-1772\" class=\"elementor-tab-content elementor-clearfix\" data-tab=\"2\" role=\"tabpanel\" aria-labelledby=\"elementor-tab-title-1772\"><p><span>Th\u1eadt v\u1eady, c\u00f3 c\u00e1c c\u1eeda h\u00e0ng ti\u1ec7n l\u1ee3i xung quanh khu ngh\u1ec9 m\u00e1t (3 ph\u00fat b\u1eb1ng xe tay ga v\u00e0 taxi).<\/span><\/p><\/div>\n\t\t\t\t<\/div>\n\t\t\t\t\t\t\t<div class=\"elementor-accordion-item\">\n\t\t\t\t\t<div id=\"elementor-tab-title-1773\" class=\"elementor-tab-title\" data-tab=\"3\" role=\"tab\" aria-controls=\"elementor-tab-content-1773\" aria-expanded=\"false\">\n\t\t\t\t\t\t\t\t\t\t\t\t\t<span class=\"elementor-accordion-icon elementor-accordion-icon-left\" aria-hidden=\"true\">\n\t\t\t\t\t\t\t\t\t\t\t\t\t\t\t<span class=\"elementor-accordion-icon-closed\"><i class=\"fas fa-plus\"><\/i><\/span>\n\t\t\t\t\t\t\t\t<span class=\"elementor-accordion-icon-opened\"><i class=\"fas fa-minus\"><\/i><\/span>\n\t\t\t\t\t\t\t\t\t\t\t\t\t\t<\/span>\n\t\t\t\t\t\t\t\t\t\t\t\t<a class=\"elementor-accordion-title\" href=\"\">C\u00c1CH D\u1ec4 NH\u1ea4T \u0110\u1ec2 \u0110\u1ebeN V\u00c0 \u0110I T\u1eea B\u00c3I BI\u1ec2N HO\u1eb6C H\u1ed2 B\u01a0I T\u1eea C\u00c1C BI\u1ec6T TH\u1ef0 L\u00c0 G\u00cc?<\/a>\n\t\t\t\t\t<\/div>\n\t\t\t\t\t<div id=\"elementor-tab-content-1773\" class=\"elementor-tab-content elementor-clearfix\" data-tab=\"3\" role=\"tabpanel\" aria-labelledby=\"elementor-tab-title-1773\"><p>Khu ngh\u1ec9 m\u00e1t n\u00e0y r\u1ea5t l\u1edbn (170ha), do \u0111\u00f3, b\u00e3i bi\u1ec3n c\u1ee7a khu ngh\u1ec9 m\u00e1t c\u00e1ch bi\u1ec7t th\u1ef1 t\u1ea7m 500 \u0111\u1ebfn 1000 m, c\u00f3 th\u1ec3 \u0111i b\u1ed9 ho\u1eb7c b\u1eb1ng xe \u0111\u1ea1p. Kh\u00e1ch c\u0169ng th\u01b0\u1eddng di chuy\u1ec3n b\u1eb1ng ph\u01b0\u01a1ng ti\u1ec7n ri\u00eang, v\u00ec k\u1ebf b\u00ean b\u00e3i bi\u1ec3n v\u00e0 h\u1ed3 b\u01a1i c\u00f3 ch\u1ed7 \u0111\u1eadu xe, n\u00ean b\u1ea1n kh\u00f4ng c\u1ea7n ph\u1ea3i lo l\u1eafng v\u1ec1 n\u01a1i \u0111\u1ed7 xe nh\u00e9! C\u00e1c b\u1ec3 b\u01a1i c\u00e1ch bi\u1ec7t th\u1ef1 t\u1eeb 5 \u0111\u1ebfn 10 ph\u00fat \u0111i b\u1ed9.\u00a0<\/p><\/div>\n\t\t\t\t<\/div>\n\t\t\t\t\t\t\t<div class=\"elementor-accordion-item\">\n\t\t\t\t\t<div id=\"elementor-tab-title-1774\" class=\"elementor-tab-title\" data-tab=\"4\" role=\"tab\" aria-controls=\"elementor-tab-content-1774\" aria-expanded=\"false\">\n\t\t\t\t\t\t\t\t\t\t\t\t\t<span class=\"elementor-accordion-icon elementor-accordion-icon-left\" aria-hidden=\"true\">\n\t\t\t\t\t\t\t\t\t\t\t\t\t\t\t<span class=\"elementor-accordion-icon-closed\"><i class=\"fas fa-plus\"><\/i><\/span>\n\t\t\t\t\t\t\t\t<span class=\"elementor-accordion-icon-opened\"><i class=\"fas fa-minus\"><\/i><\/span>\n\t\t\t\t\t\t\t\t\t\t\t\t\t\t<\/span>\n\t\t\t\t\t\t\t\t\t\t\t\t<a class=\"elementor-accordion-title\" href=\"\">TRONG KHU V\u1ef0C B\u00c3I BI\u1ec2N C\u1ee6A RESORT C\u00d3 B\u1ea4T K\u1ef2 C\u00c2Y D\u1eeaA HAY C\u00c2Y TR\u1ed2NG CHE B\u00d3NG M\u00c1T KH\u00d4NG?<\/a>\n\t\t\t\t\t<\/div>\n\t\t\t\t\t<div id=\"elementor-tab-content-1774\" class=\"elementor-tab-content elementor-clearfix\" data-tab=\"4\" role=\"tabpanel\" aria-labelledby=\"elementor-tab-title-1774\"><p>\u1ede bi\u1ec3n c\u1ee7a khu ngh\u1ec9 m\u00e1t tr\u1ed3ng r\u1ea5t nhi\u1ec1u d\u1eeba che b\u00f3ng m\u00e1t, v\u00e0 h\u00ecnh \u1ea3nh nh\u1eefng r\u1eb7ng d\u1eeba xanh m\u00e1t l\u00e0 m\u1ed9t trong nh\u1eefng h\u00ecnh \u1ea3nh bi\u1ec3u t\u01b0\u1ee3ng cho khu ngh\u1ec9 m\u00e1t . B\u1ea1n c\u00f3 th\u1ec3 \u0111\u1eafm m\u00ecnh d\u01b0\u1edbi l\u00e0n n\u01b0\u1edbc h\u1ed3 b\u01a1i trong m\u00e1t v\u00e0 chi\u00eam ng\u01b0\u1ee1ng ho\u00e0ng h\u00f4n tr\u00ean bi\u1ec3n tuy\u1ec7t \u0111\u1eb9p bu\u00f4ng xu\u1ed1ng sau nh\u1eefng t\u00e1n d\u1eeba.<\/p><\/div>\n\t\t\t\t<\/div>\n\t\t\t\t\t\t\t<div class=\"elementor-accordion-item\">\n\t\t\t\t\t<div id=\"elementor-tab-title-1775\" class=\"elementor-tab-title\" data-tab=\"5\" role=\"tab\" aria-controls=\"elementor-tab-content-1775\" aria-expanded=\"false\">\n\t\t\t\t\t\t\t\t\t\t\t\t\t<span class=\"elementor-accordion-icon elementor-accordion-icon-left\" aria-hidden=\"true\">\n\t\t\t\t\t\t\t\t\t\t\t\t\t\t\t<span class=\"elementor-accordion-icon-closed\"><i class=\"fas fa-plus\"><\/i><\/span>\n\t\t\t\t\t\t\t\t<span class=\"elementor-accordion-icon-opened\"><i class=\"fas fa-minus\"><\/i><\/span>\n\t\t\t\t\t\t\t\t\t\t\t\t\t\t<\/span>\n\t\t\t\t\t\t\t\t\t\t\t\t<a class=\"elementor-accordion-title\" href=\"\">XUNG QUANH RESORT C\u00d3 NH\u00c0 H\u00c0NG \u0110\u1ecaA PH\u01af\u01a0NG N\u00c0O KH\u00d4NG?<\/a>\n\t\t\t\t\t<\/div>\n\t\t\t\t\t<div id=\"elementor-tab-content-1775\" class=\"elementor-tab-content elementor-clearfix\" data-tab=\"5\" role=\"tabpanel\" aria-labelledby=\"elementor-tab-title-1775\"><p>G\u1ea7n khu ngh\u1ec9 m\u00e1t c\u00f3 m\u1ed9t s\u1ed1 nh\u00e0 h\u00e0ng , \u0111\u00e2y l\u00e0 nh\u1eefng nh\u00e0 h\u00e0ng b\u00ecnh d\u00e2n, kh\u00f4ng qu\u00e1 sang tr\u1ecdng. Tuy nhi\u00ean, b\u1ea1n n\u00ean th\u1eed th\u01b0\u1edfng th\u1ee9c c\u00e1c m\u00f3n h\u1ea3i s\u1ea3n \u0111\u01b0\u1ee3c b\u00e1n trong c\u00e1c ch\u1ee3 ho\u1eb7c b\u1edd bi\u1ec3n. Taxi lu\u00f4n c\u00f3 s\u1eb5n, thu\u1eadn ti\u1ec7n v\u00e0 gi\u00e1 m\u1ec1m n\u1ebfu b\u1ea1n mu\u1ed1n \u0111i ra ngo\u00e0i th\u01b0\u1edfng th\u1ee9c c\u00e1c m\u00f3n \u0103n \u0111\u1eb7c s\u1ea3n \u0111\u1ecba ph\u01b0\u01a1ng.<\/p><\/div>\n\t\t\t\t<\/div>\n\t\t\t\t\t\t\t<div class=\"elementor-accordion-item\">\n\t\t\t\t\t<div id=\"elementor-tab-title-1776\" class=\"elementor-tab-title\" data-tab=\"6\" role=\"tab\" aria-controls=\"elementor-tab-content-1776\" aria-expanded=\"false\">\n\t\t\t\t\t\t\t\t\t\t\t\t\t<span class=\"elementor-accordion-icon elementor-accordion-icon-left\" aria-hidden=\"true\">\n\t\t\t\t\t\t\t\t\t\t\t\t\t\t\t<span class=\"elementor-accordion-icon-closed\"><i class=\"fas fa-plus\"><\/i><\/span>\n\t\t\t\t\t\t\t\t<span class=\"elementor-accordion-icon-opened\"><i class=\"fas fa-minus\"><\/i><\/span>\n\t\t\t\t\t\t\t\t\t\t\t\t\t\t<\/span>\n\t\t\t\t\t\t\t\t\t\t\t\t<a class=\"elementor-accordion-title\" href=\"\">GI\u00c1 PH\u00d2NG \u0110\u00c3 BAO G\u1ed2M \u0110\u01afA \u0110\u00d3N S\u00c2N BAY CH\u01afA?<\/a>\n\t\t\t\t\t<\/div>\n\t\t\t\t\t<div id=\"elementor-tab-content-1776\" class=\"elementor-tab-content elementor-clearfix\" data-tab=\"6\" role=\"tabpanel\" aria-labelledby=\"elementor-tab-title-1776\"><p>Villa Panda nh\u1eadn chuy\u1ec3n kh\u00e1ch t\u1eeb s\u00e2n b\u00e2y T\u00e2n S\u01a1n Nh\u1ea5t: 145 USD \/ chi\u1ec1u tr\u00ean Mercedes Sprinter (12 ch\u1ed7 ng\u1ed3i c\u1ed9ng v\u1edbi h\u00e0nh l\u00fd). B\u1ea1n c\u00f3 th\u1ec3 li\u00ean h\u1ec7 ngay v\u1edbi Villa Panda sau khi \u0111\u1eb7t ph\u00f2ng \u0111\u1ec3 nh\u1eadn \u0111\u01b0\u1ee3c b\u00e1o gi\u00e1 ch\u00ednh x\u00e1c nh\u1ea5t nh\u00e9.\u00a0\u00a0<\/p><\/div>\n\t\t\t\t<\/div>\n\t\t\t\t\t\t\t<div class=\"elementor-accordion-item\">\n\t\t\t\t\t<div id=\"elementor-tab-title-1777\" class=\"elementor-tab-title\" data-tab=\"7\" role=\"tab\" aria-controls=\"elementor-tab-content-1777\" aria-expanded=\"false\">\n\t\t\t\t\t\t\t\t\t\t\t\t\t<span class=\"elementor-accordion-icon elementor-accordion-icon-left\" aria-hidden=\"true\">\n\t\t\t\t\t\t\t\t\t\t\t\t\t\t\t<span class=\"elementor-accordion-icon-closed\"><i class=\"fas fa-plus\"><\/i><\/span>\n\t\t\t\t\t\t\t\t<span class=\"elementor-accordion-icon-opened\"><i class=\"fas fa-minus\"><\/i><\/span>\n\t\t\t\t\t\t\t\t\t\t\t\t\t\t<\/span>\n\t\t\t\t\t\t\t\t\t\t\t\t<a class=\"elementor-accordion-title\" href=\"\">C\u00c1C D\u1ecaCH V\u1ee4 CH\u00daNG TA C\u00d3 TH\u1ec2 S\u1eec D\u1ee4NG T\u1ea0I KHU NGH\u1ec8 M\u00c1T L\u00c0 G\u00cc V\u00c0 L\u1ec6 PH\u00cd \u0110\u1ec2 S\u1eec D\u1ee4NG L\u00c0 BAO NHI\u00caU?<\/a>\n\t\t\t\t\t<\/div>\n\t\t\t\t\t<div id=\"elementor-tab-content-1777\" class=\"elementor-tab-content elementor-clearfix\" data-tab=\"7\" role=\"tabpanel\" aria-labelledby=\"elementor-tab-title-1777\"><ul><li>B\u1ec3 b\u01a1i: 150.000 VND \/ ng\u01b0\u1eddi l\u1edbn, 100.000 VND \/ tr\u1ebb em.\u00a0Ngo\u00e0i ra c\u00f2n c\u00f3 m\u1ed9t s\u00e2n ch\u01a1i tr\u1ebb em v\u1edbi c\u1ea7u tr\u01b0\u1ee3t v\u00e0 x\u00edch \u0111u b\u00ean c\u1ea1nh h\u1ed3 b\u01a1i.<\/li><li>Qu\u1ea7n v\u1ee3t: 150.000 VND cho s\u00e2n \u0111\u1ea5u.<\/li><li>Ph\u00f2ng t\u1eadp th\u1ec3 d\u1ee5c v\u1edbi thi\u1ebft b\u1ecb hi\u1ec7n \u0111\u1ea1i t\u1ea1i kh\u00e1ch s\u1ea1n 5 sao: 150.000 VND.<\/li><li>Golf:<br \/>Ng\u00e0y trong tu\u1ea7n: Ph\u00ed xanh: 51 USD (gi\u00e1 n\u00e0y \u0111\u00e3 bao g\u1ed3m gi\u1ea3m gi\u00e1 20% khi \u0111\u1eb7t ph\u00f2ng v\u1edbi ch\u00fang t\u00f4i),<br \/>ph\u00ed\u00a0caddy\u00a0: 22 USD, ph\u00ed l\u1ed7i: 22 USD.<br \/>Cu\u1ed1i tu\u1ea7n + ng\u00e0y l\u1ec5: Ph\u00ed xanh: 70,40 USD (gi\u00e1 n\u00e0y \u0111\u00e3 bao g\u1ed3m gi\u1ea3m gi\u00e1 20% khi \u0111\u1eb7t ph\u00f2ng v\u1edbi ch\u00fang t\u00f4i), ph\u00ed caddy: 22 USD, ph\u00ed l\u1ed7i: 22 USD.<br \/>Sundowner \/ Twilight golf t\u1eeb 14:30 (kh\u00f4ng c\u00f3 \u0111\u00e8n): C\u00e1c ng\u00e0y trong tu\u1ea7n: 57 USD (c\u00f3 l\u1ed7i).\u00a0Cu\u1ed1i tu\u1ea7n + ng\u00e0y l\u1ec5:<br \/>74 USD (c\u00f3 l\u1ed7i).\u00a0\u0110i\u1ec1u n\u00e0y s\u1ebd cung c\u1ea5p cho b\u1ea1n m\u1ed9t c\u1ea3m gi\u00e1c \u0111\u1ed9c \u0111\u00e1o v\u00e0 kh\u00f3 qu\u00ean trong m\u1ed9t khung c\u1ea3nh tuy\u1ec7t v\u1eddi.<\/li><li>Spa, massage, t\u1eafm h\u01a1i t\u1ea1i kh\u00e1ch s\u1ea1n 5 sao: 18,40 USD \/ gi\u1edd (gi\u00e1 n\u00e0y \u0111\u00e3 bao g\u1ed3m gi\u1ea3m gi\u00e1 20% khi \u0111\u1eb7t ph\u00f2ng v\u1edbi ch\u00fang t\u00f4i).<\/li><li>C\u00f3 2 nh\u00e0 h\u00e0ng v\u00e0 qu\u00e1n bar t\u1ea1i kh\u00e1ch s\u1ea1n 5 sao trong khu ngh\u1ec9 m\u00e1t.<\/li><li>Nh\u00e0 c\u00e2u l\u1ea1c b\u1ed9 golf c\u0169ng c\u00f3 1 nh\u00e0 h\u00e0ng (gi\u1ea3m 10% cho c\u01b0 d\u00e2n bi\u1ec7t th\u1ef1 v\u00e0 \u0111\u01b0a \u0111\u00f3n mi\u1ec5n ph\u00ed gi\u1eefa bi\u1ec7t th\u1ef1 c\u1ee7a b\u1ea1n v\u00e0 nh\u00e0 c\u00e2u l\u1ea1c b\u1ed9).<\/li><li>L\u00e2u \u0111\u00e0i n\u1ebfm r\u01b0\u1ee3u vang v\u1edbi v\u01b0\u1eddn nho c\u1ee7a ri\u00eang m\u00ecnh.<\/li><\/ul><\/div>\n\t\t\t\t<\/div>\n\t\t\t\t\t\t\t<div class=\"elementor-accordion-item\">\n\t\t\t\t\t<div id=\"elementor-tab-title-1778\" class=\"elementor-tab-title\" data-tab=\"8\" role=\"tab\" aria-controls=\"elementor-tab-content-1778\" aria-expanded=\"false\">\n\t\t\t\t\t\t\t\t\t\t\t\t\t<span class=\"elementor-accordion-icon elementor-accordion-icon-left\" aria-hidden=\"true\">\n\t\t\t\t\t\t\t\t\t\t\t\t\t\t\t<span class=\"elementor-accordion-icon-closed\"><i class=\"fas fa-plus\"><\/i><\/span>\n\t\t\t\t\t\t\t\t<span class=\"elementor-accordion-icon-opened\"><i class=\"fas fa-minus\"><\/i><\/span>\n\t\t\t\t\t\t\t\t\t\t\t\t\t\t<\/span>\n\t\t\t\t\t\t\t\t\t\t\t\t<a class=\"elementor-accordion-title\" href=\"\">C\u00c1CH D\u1ec4 NH\u1ea4T \u0110\u1ec2 DI CHUY\u1ec2N XUNG QUANH M\u0168I N\u00c9 V\u00c0 C\u00c1C \u0110\u1ecaA \u0110I\u1ec2M NH\u01af TH\u1ebe N\u00c0O?<\/a>\n\t\t\t\t\t<\/div>\n\t\t\t\t\t<div id=\"elementor-tab-content-1778\" class=\"elementor-tab-content elementor-clearfix\" data-tab=\"8\" role=\"tabpanel\" aria-labelledby=\"elementor-tab-title-1778\"><p>H\u1ea7u h\u1ebft kh\u00e1ch h\u00e0ng c\u1ee7a ch\u00fang t\u00f4i thu\u00ea xe tay ga (t\u1eeb 7 \u0111\u1ebfn 12 USD \/ ng\u00e0y theo m\u00f9a &#8211; 200.000 VND \/ xe tay ga) \u0111\u1ec3 di chuy\u1ec3n quanh khu v\u1ef1c M\u0169i N\u00e9.<br \/>Taxi (4 &#8211; 7 ch\u1ed7) c\u00f3 gi\u00e1 kho\u1ea3ng 2,50 USD \/ chi\u1ec1u trong 5 ph\u00fat l\u00e1i xe t\u1eeb bi\u1ec7t th\u1ef1 \u0111\u1ebfn trung t\u00e2m th\u00e0nh ph\u1ed1 M\u0169i N\u00e9.\u00a0C\u00e1c c\u00f4ng ty du l\u1ecbch t\u1ed5 ch\u1ee9c c\u00e1c chuy\u1ebfn du ngo\u1ea1n \u0111\u1ebfn nh\u1eefng b\u00e3i bi\u1ec3n h\u1ebbo l\u00e1nh, l\u00e0ng ch\u00e0i ho\u1eb7c White Sand &#8211; Red Sand Dunes (xe Jeep c\u00f3 t\u00e0i x\u1ebf).<\/p><\/div>\n\t\t\t\t<\/div>\n\t\t\t\t\t<\/div>\n\t\t\t\t<\/div>\n\t\t\t\t<\/div>\n\t\t\t\t\t\t<\/div>\n\t\t\t\t\t<\/div>\n\t\t<\/div>\n\t\t\t\t\t\t\t\t<\/div>\n\t\t\t\t\t<\/div>\n\t\t<\/section>\n\t\t\t\t<section class=\"elementor-section elementor-top-section elementor-element elementor-element-4734d62 elementor-section-boxed elementor-section-height-default elementor-section-height-default\" data-id=\"4734d62\" data-element_type=\"section\">\n\t\t\t\t\t\t<div class=\"elementor-container elementor-column-gap-default\">\n\t\t\t\t\t\t\t<div class=\"elementor-row\">\n\t\t\t\t\t<div class=\"elementor-column elementor-col-100 elementor-top-column elementor-element elementor-element-96ecb7c\" data-id=\"96ecb7c\" data-element_type=\"column\">\n\t\t\t<div class=\"elementor-column-wrap elementor-element-populated\">\n\t\t\t\t\t\t\t<div class=\"elementor-widget-wrap\">\n\t\t\t\t\t\t<div class=\"elementor-element elementor-element-b960b6d elementor-button-align-stretch elementor-widget elementor-widget-form\" data-id=\"b960b6d\" data-element_type=\"widget\" data-settings=\"{&quot;step_next_label&quot;:&quot;Next&quot;,&quot;step_previous_label&quot;:&quot;Previous&quot;,&quot;button_width&quot;:&quot;100&quot;,&quot;step_type&quot;:&quot;number_text&quot;,&quot;step_icon_shape&quot;:&quot;circle&quot;}\" data-widget_type=\"form.default\">\n\t\t\t\t<div class=\"elementor-widget-container\">\n\t\t\t\t\t<form class=\"elementor-form\" method=\"post\" name=\"New Form\">\n\t\t\t<input type=\"hidden\" name=\"post_id\" value=\"320\"\/>\n\t\t\t<input type=\"hidden\" name=\"form_id\" value=\"b960b6d\"\/>\n\n\t\t\t\n\t\t\t<div class=\"elementor-form-fields-wrapper elementor-labels-above\">\n\t\t\t\t\t\t\t\t<div class=\"elementor-field-type-text elementor-field-group elementor-column elementor-field-group-name elementor-col-100\">\n\t\t\t\t\t<label for=\"form-field-name\" class=\"elementor-field-label\">Name<\/label><input size=\"1\" type=\"text\" name=\"form_fields[name]\" id=\"form-field-name\" class=\"elementor-field elementor-size-sm  elementor-field-textual\" placeholder=\"Name\">\t\t\t\t<\/div>\n\t\t\t\t\t\t\t\t<div class=\"elementor-field-type-email elementor-field-group elementor-column elementor-field-group-email elementor-col-100 elementor-field-required elementor-mark-required\">\n\t\t\t\t\t<label for=\"form-field-email\" class=\"elementor-field-label\">Email<\/label><input size=\"1\" type=\"email\" name=\"form_fields[email]\" id=\"form-field-email\" class=\"elementor-field elementor-size-sm  elementor-field-textual\" placeholder=\"Email\" required=\"required\" aria-required=\"true\">\t\t\t\t<\/div>\n\t\t\t\t\t\t\t\t<div class=\"elementor-field-type-text elementor-field-group elementor-column elementor-field-group-field_1 elementor-col-100 elementor-field-required elementor-mark-required\">\n\t\t\t\t\t<label for=\"form-field-field_1\" class=\"elementor-field-label\">Phone<\/label><input size=\"1\" type=\"text\" name=\"form_fields[field_1]\" id=\"form-field-field_1\" class=\"elementor-field elementor-size-sm  elementor-field-textual\" placeholder=\"Phone\" required=\"required\" aria-required=\"true\">\t\t\t\t<\/div>\n\t\t\t\t\t\t\t\t<div class=\"elementor-field-type-textarea elementor-field-group elementor-column elementor-field-group-message elementor-col-100\">\n\t\t\t\t\t<label for=\"form-field-message\" class=\"elementor-field-label\">Message<\/label><textarea class=\"elementor-field-textual elementor-field  elementor-size-sm\" name=\"form_fields[message]\" id=\"form-field-message\" rows=\"4\" placeholder=\"Message\"><\/textarea>\t\t\t\t<\/div>\n\t\t\t\t\t\t\t\t<div class=\"elementor-field-type-recaptcha_v3 elementor-field-group elementor-column elementor-field-group-field_a0a57b0 elementor-col-100 recaptcha_v3-inline\">\n\t\t\t\t\t<div class=\"elementor-field\" id=\"form-field-field_a0a57b0\"><div class=\"elementor-g-recaptcha\" data-sitekey=\"6Ldqzf4UAAAAAA0DSBBXlP7uXULyhFWGLsMIFmQk\" data-type=\"v3\" data-action=\"Form\" data-badge=\"inline\" data-size=\"invisible\"><\/div><\/div>\t\t\t\t<\/div>\n\t\t\t\t\t\t\t\t<div class=\"elementor-field-group elementor-column elementor-field-type-submit elementor-col-100 e-form__buttons\">\n\t\t\t\t\t<button type=\"submit\" class=\"elementor-button elementor-size-xs\">\n\t\t\t\t\t\t<span >\n\t\t\t\t\t\t\t\t\t\t\t\t\t\t\t<span class=\" elementor-button-icon\">\n\t\t\t\t\t\t\t\t\t\t\t\t\t\t\t\t\t\t\t\t\t\t\t\t\t\t<\/span>\n\t\t\t\t\t\t\t\t\t\t\t\t\t\t\t\t\t\t\t\t\t\t<span class=\"elementor-button-text\">Send<\/span>\n\t\t\t\t\t\t\t\t\t\t\t\t\t<\/span>\n\t\t\t\t\t<\/button>\n\t\t\t\t<\/div>\n\t\t\t<\/div>\n\t\t<\/form>\n\t\t\t\t<\/div>\n\t\t\t\t<\/div>\n\t\t\t\t\t\t<\/div>\n\t\t\t\t\t<\/div>\n\t\t<\/div>\n\t\t\t\t\t\t\t\t<\/div>\n\t\t\t\t\t<\/div>\n\t\t<\/section>\n\t\t\t\t\t\t<\/div>\n\t\t\t\t\t\t<\/div>\n\t\t\t\t\t<\/div>\n\t\t","protected":false},"excerpt":{"rendered":"<p>TH\u00c0NH PH\u1ed0 PHAN THI\u1ebeT C\u00c1CH BI\u1ec6T TH\u1ef0 BAO XA? Th\u00e0nh ph\u1ed1 Phan Thi\u1ebft c\u00e1ch bi\u1ec7t th\u1ef1 kho\u1ea3ng 10 km. C\u00f3 si\u00eau th\u1ecb v\u00e0 \u0111\u1ea7y \u0111\u1ee7 c\u00e1c ti\u1ec7n h\u00e0ng qu\u00e1n.\u00a0Ngo\u00e0i ra, c\u00f2n c\u00f3 d\u1ecbch v\u1ee5 xe bu\u00fdt c\u00f4ng c\u1ed9ng \u0111i v\u00e0 \u0111\u1ebfn Phan Thi\u1ebft (c\u1ee9 sau 15 ph\u00fat v\u00e0 kho\u1ea3ng 50 ngh\u00ecn \u0111\u1ed3ng \/ ng\u01b0\u1eddi). Nh\u01b0ng [&#8230;]\n","protected":false},"author":1,"featured_media":0,"parent":0,"menu_order":0,"comment_status":"closed","ping_status":"closed","template":"","meta":[],"yoast_head":"<!-- This site is optimized with the Yoast SEO Premium plugin v16.0.2 - https:\/\/yoast.com\/wordpress\/plugins\/seo\/ -->\n<title>H\u1ecfi \u0111\u00e1p - Villa Panda Mui Ne<\/title>\n<link rel=\"canonical\" href=\"https:\/\/villa-panda.com\/hoi-dap\/\" \/>\n<meta property=\"og:locale\" content=\"en_US\" \/>\n<meta property=\"og:type\" content=\"article\" \/>\n<meta property=\"og:title\" content=\"H\u1ecfi \u0111\u00e1p - Villa Panda Mui Ne\" \/>\n<meta property=\"og:description\" content=\"TH\u00c0NH PH\u1ed0 PHAN THI\u1ebeT C\u00c1CH BI\u1ec6T TH\u1ef0 BAO XA? Th\u00e0nh ph\u1ed1 Phan Thi\u1ebft c\u00e1ch bi\u1ec7t th\u1ef1 kho\u1ea3ng 10 km. C\u00f3 si\u00eau th\u1ecb v\u00e0 \u0111\u1ea7y \u0111\u1ee7 c\u00e1c ti\u1ec7n h\u00e0ng qu\u00e1n.\u00a0Ngo\u00e0i ra, c\u00f2n c\u00f3 d\u1ecbch v\u1ee5 xe bu\u00fdt c\u00f4ng c\u1ed9ng \u0111i v\u00e0 \u0111\u1ebfn Phan Thi\u1ebft (c\u1ee9 sau 15 ph\u00fat v\u00e0 kho\u1ea3ng 50 ngh\u00ecn \u0111\u1ed3ng \/ ng\u01b0\u1eddi). Nh\u01b0ng [...]\" \/>\n<meta property=\"og:url\" content=\"https:\/\/villa-panda.com\/hoi-dap\/\" \/>\n<meta property=\"og:site_name\" content=\"Villa Panda Mui Ne\" \/>\n<meta property=\"article:modified_time\" content=\"2021-04-06T14:15:48+00:00\" \/>\n<meta name=\"twitter:card\" content=\"summary_large_image\" \/>\n<meta name=\"twitter:label1\" content=\"Est. reading time\">\n\t<meta name=\"twitter:data1\" content=\"6 minutes\">\n<script type=\"application\/ld+json\" class=\"yoast-schema-graph\">{\"@context\":\"https:\/\/schema.org\",\"@graph\":[{\"@type\":\"WebSite\",\"@id\":\"https:\/\/villa-panda.com\/#website\",\"url\":\"https:\/\/villa-panda.com\/\",\"name\":\"Villa Panda Mui Ne\",\"description\":\"at Sea Links Golf Resort\",\"potentialAction\":[{\"@type\":\"SearchAction\",\"target\":\"https:\/\/villa-panda.com\/?s={search_term_string}\",\"query-input\":\"required name=search_term_string\"}],\"inLanguage\":\"en-US\"},{\"@type\":\"WebPage\",\"@id\":\"https:\/\/villa-panda.com\/hoi-dap\/#webpage\",\"url\":\"https:\/\/villa-panda.com\/hoi-dap\/\",\"name\":\"H\\u1ecfi \\u0111\\u00e1p - Villa Panda Mui Ne\",\"isPartOf\":{\"@id\":\"https:\/\/villa-panda.com\/#website\"},\"datePublished\":\"2020-03-11T10:00:22+00:00\",\"dateModified\":\"2021-04-06T14:15:48+00:00\",\"breadcrumb\":{\"@id\":\"https:\/\/villa-panda.com\/hoi-dap\/#breadcrumb\"},\"inLanguage\":\"en-US\",\"potentialAction\":[{\"@type\":\"ReadAction\",\"target\":[\"https:\/\/villa-panda.com\/hoi-dap\/\"]}]},{\"@type\":\"BreadcrumbList\",\"@id\":\"https:\/\/villa-panda.com\/hoi-dap\/#breadcrumb\",\"itemListElement\":[{\"@type\":\"ListItem\",\"position\":1,\"item\":{\"@type\":\"WebPage\",\"@id\":\"https:\/\/villa-panda.com\/\",\"url\":\"https:\/\/villa-panda.com\/\",\"name\":\"Home\"}},{\"@type\":\"ListItem\",\"position\":2,\"item\":{\"@type\":\"WebPage\",\"@id\":\"https:\/\/villa-panda.com\/hoi-dap\/\",\"url\":\"https:\/\/villa-panda.com\/hoi-dap\/\",\"name\":\"H\\u1ecfi \\u0111\\u00e1p\"}}]}]}<\/script>\n<!-- \/ Yoast SEO Premium plugin. -->","_links":{"self":[{"href":"https:\/\/villa-panda.com\/en\/wp-json\/wp\/v2\/pages\/320"}],"collection":[{"href":"https:\/\/villa-panda.com\/en\/wp-json\/wp\/v2\/pages"}],"about":[{"href":"https:\/\/villa-panda.com\/en\/wp-json\/wp\/v2\/types\/page"}],"author":[{"embeddable":true,"href":"https:\/\/villa-panda.com\/en\/wp-json\/wp\/v2\/users\/1"}],"replies":[{"embeddable":true,"href":"https:\/\/villa-panda.com\/en\/wp-json\/wp\/v2\/comments?post=320"}],"version-history":[{"count":23,"href":"https:\/\/villa-panda.com\/en\/wp-json\/wp\/v2\/pages\/320\/revisions"}],"predecessor-version":[{"id":1074,"href":"https:\/\/villa-panda.com\/en\/wp-json\/wp\/v2\/pages\/320\/revisions\/1074"}],"wp:attachment":[{"href":"https:\/\/villa-panda.com\/en\/wp-json\/wp\/v2\/media?parent=320"}],"curies":[{"name":"wp","href":"https:\/\/api.w.org\/{rel}","templated":true}]}}