{"id":316,"date":"2020-03-11T10:00:22","date_gmt":"2020-03-11T03:00:22","guid":{"rendered":"http:\/\/demo.villa-panda.com\/?page_id=316"},"modified":"2021-03-12T11:52:29","modified_gmt":"2021-03-12T04:52:29","slug":"villa-panda-mui-ne","status":"publish","type":"page","link":"https:\/\/villa-panda.com\/en\/villa-panda-mui-ne\/","title":{"rendered":"Villa"},"content":{"rendered":"\t\t<div data-elementor-type=\"wp-page\" data-elementor-id=\"316\" class=\"elementor elementor-316\" data-elementor-settings=\"[]\">\n\t\t\t\t\t\t<div class=\"elementor-inner\">\n\t\t\t\t\t\t\t<div class=\"elementor-section-wrap\">\n\t\t\t\t\t\t\t<section class=\"elementor-section elementor-top-section elementor-element elementor-element-2815197 elementor-section-stretched elementor-section-full_width elementor-section-height-min-height elementor-section-height-default elementor-section-items-middle\" data-id=\"2815197\" data-element_type=\"section\" data-settings=\"{&quot;stretch_section&quot;:&quot;section-stretched&quot;,&quot;background_background&quot;:&quot;classic&quot;}\">\n\t\t\t\t\t\t<div class=\"elementor-container elementor-column-gap-no\">\n\t\t\t\t\t\t\t<div class=\"elementor-row\">\n\t\t\t\t\t<div class=\"elementor-column elementor-col-100 elementor-top-column elementor-element elementor-element-5a8dad0\" data-id=\"5a8dad0\" data-element_type=\"column\">\n\t\t\t<div class=\"elementor-column-wrap\">\n\t\t\t\t\t\t\t<div class=\"elementor-widget-wrap\">\n\t\t\t\t\t\t\t\t<\/div>\n\t\t\t\t\t<\/div>\n\t\t<\/div>\n\t\t\t\t\t\t\t\t<\/div>\n\t\t\t\t\t<\/div>\n\t\t<\/section>\n\t\t\t\t<section class=\"elementor-section elementor-top-section elementor-element elementor-element-e1b1bf2 elementor-section-stretched elementor-section-content-bottom elementor-section-boxed elementor-section-height-default elementor-section-height-default\" data-id=\"e1b1bf2\" data-element_type=\"section\" data-settings=\"{&quot;stretch_section&quot;:&quot;section-stretched&quot;,&quot;background_background&quot;:&quot;slideshow&quot;,&quot;background_slideshow_slide_duration&quot;:15000,&quot;background_slideshow_transition_duration&quot;:1500,&quot;background_slideshow_gallery&quot;:[],&quot;background_slideshow_loop&quot;:&quot;yes&quot;,&quot;background_slideshow_slide_transition&quot;:&quot;fade&quot;}\">\n\t\t\t\t\t\t<div class=\"elementor-container elementor-column-gap-default\">\n\t\t\t\t\t\t\t<div class=\"elementor-row\">\n\t\t\t\t\t<div class=\"elementor-column elementor-col-100 elementor-top-column elementor-element elementor-element-0e46664\" data-id=\"0e46664\" data-element_type=\"column\" data-settings=\"{&quot;background_background&quot;:&quot;classic&quot;}\">\n\t\t\t<div class=\"elementor-column-wrap elementor-element-populated\">\n\t\t\t\t\t\t\t<div class=\"elementor-widget-wrap\">\n\t\t\t\t\t\t<div class=\"elementor-element elementor-element-398914e elementor-widget elementor-widget-heading\" data-id=\"398914e\" data-element_type=\"widget\" data-widget_type=\"heading.default\">\n\t\t\t\t<div class=\"elementor-widget-container\">\n\t\t\t<h1 class=\"elementor-heading-title elementor-size-default\">Villa Panda MUI NE<\/h1>\t\t<\/div>\n\t\t\t\t<\/div>\n\t\t\t\t<div class=\"elementor-element elementor-element-86d9878 elementor-widget elementor-widget-text-editor\" data-id=\"86d9878\" data-element_type=\"widget\" data-widget_type=\"text-editor.default\">\n\t\t\t\t<div class=\"elementor-widget-container\">\n\t\t\t\t\t<div class=\"elementor-text-editor elementor-clearfix\"><p>Qu\u00fd kh\u00e1ch s\u1ebd h\u00e0i v\u1edbi s\u00e2n v\u01b0\u1eddn bao quanh, c\u00f3 gara \u0111\u1eadu xe an to\u00e0n, \u0111\u01b0\u1ee3c trang tr\u00ed theo phong c\u00e1ch hi\u1ec7n \u0111\u1ea1i, ti\u1ec7n \u00edch nh\u1ea5t, s\u1ebd mang l\u1ea1i cho qu\u00ed kh\u00e1ch c\u1ea3m gi\u00e1c th\u1eadt s\u1ef1 d\u1ec5 ch\u1ecbu khi v\u1eeba \u0111\u1eb7t ch\u00e2n \u0111\u1ebfn.<\/p><p>\u0110\u1eb7c b\u1ecb\u00eat qu\u00ed kh\u00e1ch c\u00f3 th\u1ec3 t\u1eadn h\u01b0\u1edfng s\u1ef1 l\u00e3ng m\u1ea1n c\u1ee7a ho\u00e0ng h\u00f4n tuy\u1ec7t \u0111\u1eb9p trong l\u00fac d\u00f9ng b\u1eefa c\u00f9ng gia \u0111\u00ecnh hay b\u1ea1n b\u00e8 v\u1edbi kh\u00f4ng gian m\u1edf ngo\u00e0i tr\u1eddi hay t\u1ed5 ch\u1ee9c c\u00e1c bu\u1ed5i ti\u1ec7c n\u01b0\u1edbng th\u00fa v\u1ecb trong s\u00e2n v\u01b0\u1eddn bi\u1ec7t th\u1ef1.<\/p><p>M\u1ed7i ph\u00f2ng \u0111\u1eb7c tr\u01b0ng v\u1edbi ban c\u00f4ng ri\u00eang, \u0111em l\u1ea1i nh\u1eefng c\u00e1i nh\u00ecn kh\u00e1c nhau, t\u1eadn h\u01b0\u1edfng nh\u1eefng l\u00e0n gi\u00f3 bi\u1ec3n m\u00e1t d\u1ecbu v\u00e0 m\u00f9i h\u01b0\u01a1ng hoa c\u1ecf nh\u1eb9 th\u01a1m.<\/p><\/div>\n\t\t\t\t<\/div>\n\t\t\t\t<\/div>\n\t\t\t\t<div class=\"elementor-element elementor-element-c3cdbb3 elementor-icon-list--layout-inline elementor-align-center elementor-list-item-link-full_width elementor-widget elementor-widget-icon-list\" data-id=\"c3cdbb3\" data-element_type=\"widget\" data-widget_type=\"icon-list.default\">\n\t\t\t\t<div class=\"elementor-widget-container\">\n\t\t\t\t\t<ul class=\"elementor-icon-list-items elementor-inline-items\">\n\t\t\t\t\t\t\t<li class=\"elementor-icon-list-item elementor-inline-item\">\n\t\t\t\t\t\t\t\t\t\t\t<span class=\"elementor-icon-list-icon\">\n\t\t\t\t\t\t\t<i aria-hidden=\"true\" class=\"fas fa-warehouse\"><\/i>\t\t\t\t\t\t<\/span>\n\t\t\t\t\t\t\t\t\t\t<span class=\"elementor-icon-list-text\">400m2<\/span>\n\t\t\t\t\t\t\t\t\t<\/li>\n\t\t\t\t\t\t\t\t<li class=\"elementor-icon-list-item elementor-inline-item\">\n\t\t\t\t\t\t\t\t\t\t\t<span class=\"elementor-icon-list-icon\">\n\t\t\t\t\t\t\t<i aria-hidden=\"true\" class=\"fas fa-bed\"><\/i>\t\t\t\t\t\t<\/span>\n\t\t\t\t\t\t\t\t\t\t<span class=\"elementor-icon-list-text\">Gi\u01b0\u1eddng King<\/span>\n\t\t\t\t\t\t\t\t\t<\/li>\n\t\t\t\t\t\t\t\t<li class=\"elementor-icon-list-item elementor-inline-item\">\n\t\t\t\t\t\t\t\t\t\t\t<span class=\"elementor-icon-list-icon\">\n\t\t\t\t\t\t\t<i aria-hidden=\"true\" class=\"fas fa-user\"><\/i>\t\t\t\t\t\t<\/span>\n\t\t\t\t\t\t\t\t\t\t<span class=\"elementor-icon-list-text\">S\u1ee9c ch\u1ee9a 10 kh\u00e1ch\t<\/span>\n\t\t\t\t\t\t\t\t\t<\/li>\n\t\t\t\t\t\t\t\t<li class=\"elementor-icon-list-item elementor-inline-item\">\n\t\t\t\t\t\t\t\t\t\t\t<span class=\"elementor-icon-list-icon\">\n\t\t\t\t\t\t\t<i aria-hidden=\"true\" class=\"fas fa-lock\"><\/i>\t\t\t\t\t\t<\/span>\n\t\t\t\t\t\t\t\t\t\t<span class=\"elementor-icon-list-text\">K\u00e9t gi\u1eef ti\u1ec1n<\/span>\n\t\t\t\t\t\t\t\t\t<\/li>\n\t\t\t\t\t\t\t\t<li class=\"elementor-icon-list-item elementor-inline-item\">\n\t\t\t\t\t\t\t\t\t\t\t<span class=\"elementor-icon-list-icon\">\n\t\t\t\t\t\t\t<i aria-hidden=\"true\" class=\"fas fa-bath\"><\/i>\t\t\t\t\t\t<\/span>\n\t\t\t\t\t\t\t\t\t\t<span class=\"elementor-icon-list-text\">B\u1ed3n t\u1eafm t\u1ea1o s\u00f3ng<\/span>\n\t\t\t\t\t\t\t\t\t<\/li>\n\t\t\t\t\t\t\t\t<li class=\"elementor-icon-list-item elementor-inline-item\">\n\t\t\t\t\t\t\t\t\t\t\t<span class=\"elementor-icon-list-icon\">\n\t\t\t\t\t\t\t<i aria-hidden=\"true\" class=\"fas fa-wifi\"><\/i>\t\t\t\t\t\t<\/span>\n\t\t\t\t\t\t\t\t\t\t<span class=\"elementor-icon-list-text\">Wifi mi\u1ec5n ph\u00ed<\/span>\n\t\t\t\t\t\t\t\t\t<\/li>\n\t\t\t\t\t\t\t\t<li class=\"elementor-icon-list-item elementor-inline-item\">\n\t\t\t\t\t\t\t\t\t\t\t<span class=\"elementor-icon-list-icon\">\n\t\t\t\t\t\t\t<i aria-hidden=\"true\" class=\"fas fa-check\"><\/i>\t\t\t\t\t\t<\/span>\n\t\t\t\t\t\t\t\t\t\t<span class=\"elementor-icon-list-text\">B\u1ea3o v\u1ec7 24\/24<\/span>\n\t\t\t\t\t\t\t\t\t<\/li>\n\t\t\t\t\t\t\t\t<li class=\"elementor-icon-list-item elementor-inline-item\">\n\t\t\t\t\t\t\t\t\t\t\t<span class=\"elementor-icon-list-icon\">\n\t\t\t\t\t\t\t<i aria-hidden=\"true\" class=\"far fa-snowflake\"><\/i>\t\t\t\t\t\t<\/span>\n\t\t\t\t\t\t\t\t\t\t<span class=\"elementor-icon-list-text\">\u0110i\u1ec1u h\u00f2a kh\u00f4ng kh\u00ed trung t\u00e2m<\/span>\n\t\t\t\t\t\t\t\t\t<\/li>\n\t\t\t\t\t\t<\/ul>\n\t\t\t\t<\/div>\n\t\t\t\t<\/div>\n\t\t\t\t\t\t<\/div>\n\t\t\t\t\t<\/div>\n\t\t<\/div>\n\t\t\t\t\t\t\t\t<\/div>\n\t\t\t\t\t<\/div>\n\t\t<\/section>\n\t\t\t\t<section class=\"elementor-section elementor-top-section elementor-element elementor-element-b1d809b elementor-section-full_width elementor-section-height-min-height elementor-section-height-default elementor-section-items-middle\" data-id=\"b1d809b\" data-element_type=\"section\">\n\t\t\t\t\t\t<div class=\"elementor-container elementor-column-gap-default\">\n\t\t\t\t\t\t\t<div class=\"elementor-row\">\n\t\t\t\t\t<div class=\"elementor-column elementor-col-50 elementor-top-column elementor-element elementor-element-6ad9bcf\" data-id=\"6ad9bcf\" data-element_type=\"column\">\n\t\t\t<div class=\"elementor-column-wrap elementor-element-populated\">\n\t\t\t\t\t\t\t<div class=\"elementor-widget-wrap\">\n\t\t\t\t\t\t<div class=\"elementor-element elementor-element-ae06c9e elementor-widget elementor-widget-heading\" data-id=\"ae06c9e\" data-element_type=\"widget\" data-widget_type=\"heading.default\">\n\t\t\t\t<div class=\"elementor-widget-container\">\n\t\t\t<h3 class=\"elementor-heading-title elementor-size-default\">PH\u00d2NG KH\u00c1CH SANG TR\u1eccNG<\/h3>\t\t<\/div>\n\t\t\t\t<\/div>\n\t\t\t\t<div class=\"elementor-element elementor-element-9ceddeb elementor-widget elementor-widget-text-editor\" data-id=\"9ceddeb\" data-element_type=\"widget\" data-widget_type=\"text-editor.default\">\n\t\t\t\t<div class=\"elementor-widget-container\">\n\t\t\t\t\t<div class=\"elementor-text-editor elementor-clearfix\"><p>M\u1ed9t ph\u00f2ng kh\u00e1ch sang tr\u1ecdng, r\u1ed9ng r\u00e3i v\u1edbi chi\u1ebfc tivi m\u00e0n h\u00ecnh ph\u1eb3ng phong c\u00e1ch.<\/p><\/div>\n\t\t\t\t<\/div>\n\t\t\t\t<\/div>\n\t\t\t\t\t\t<\/div>\n\t\t\t\t\t<\/div>\n\t\t<\/div>\n\t\t\t\t<div class=\"elementor-column elementor-col-50 elementor-top-column elementor-element elementor-element-a019699\" data-id=\"a019699\" data-element_type=\"column\">\n\t\t\t<div class=\"elementor-column-wrap elementor-element-populated\">\n\t\t\t\t\t\t\t<div class=\"elementor-widget-wrap\">\n\t\t\t\t\t\t<div class=\"elementor-element elementor-element-e0b7485 elementor-widget elementor-widget-image\" data-id=\"e0b7485\" data-element_type=\"widget\" data-widget_type=\"image.default\">\n\t\t\t\t<div class=\"elementor-widget-container\">\n\t\t\t\t\t<div class=\"elementor-image\">\n\t\t\t\t\t\t\t\t\t\t<img width=\"1020\" height=\"574\" src=\"https:\/\/villa-panda.com\/wp-content\/uploads\/2020\/03\/DSC00349.jpg\" class=\"attachment-large size-large\" alt=\"\" decoding=\"async\" loading=\"lazy\" srcset=\"https:\/\/villa-panda.com\/wp-content\/uploads\/2020\/03\/DSC00349.jpg 1600w, https:\/\/villa-panda.com\/wp-content\/uploads\/2020\/03\/DSC00349-300x169.jpg 300w, https:\/\/villa-panda.com\/wp-content\/uploads\/2020\/03\/DSC00349-768x432.jpg 768w, https:\/\/villa-panda.com\/wp-content\/uploads\/2020\/03\/DSC00349-1536x864.jpg 1536w\" sizes=\"(max-width: 1020px) 100vw, 1020px\" \/>\t\t\t\t\t\t\t\t\t\t\t<\/div>\n\t\t\t\t<\/div>\n\t\t\t\t<\/div>\n\t\t\t\t\t\t<\/div>\n\t\t\t\t\t<\/div>\n\t\t<\/div>\n\t\t\t\t\t\t\t\t<\/div>\n\t\t\t\t\t<\/div>\n\t\t<\/section>\n\t\t\t\t<section class=\"elementor-section elementor-top-section elementor-element elementor-element-c621ac7 elementor-section-full_width elementor-reverse-mobile elementor-section-height-default elementor-section-height-default\" data-id=\"c621ac7\" data-element_type=\"section\">\n\t\t\t\t\t\t<div class=\"elementor-container elementor-column-gap-default\">\n\t\t\t\t\t\t\t<div class=\"elementor-row\">\n\t\t\t\t\t<div class=\"elementor-column elementor-col-50 elementor-top-column elementor-element elementor-element-59d6b94\" data-id=\"59d6b94\" data-element_type=\"column\">\n\t\t\t<div class=\"elementor-column-wrap elementor-element-populated\">\n\t\t\t\t\t\t\t<div class=\"elementor-widget-wrap\">\n\t\t\t\t\t\t<div class=\"elementor-element elementor-element-ae339c6 elementor-widget elementor-widget-image\" data-id=\"ae339c6\" data-element_type=\"widget\" data-widget_type=\"image.default\">\n\t\t\t\t<div class=\"elementor-widget-container\">\n\t\t\t\t\t<div class=\"elementor-image\">\n\t\t\t\t\t\t\t\t\t\t<img width=\"1020\" height=\"574\" src=\"https:\/\/villa-panda.com\/wp-content\/uploads\/2020\/04\/DSC00393-2024x1139.jpg\" class=\"attachment-large size-large\" alt=\"\" decoding=\"async\" loading=\"lazy\" srcset=\"https:\/\/villa-panda.com\/wp-content\/uploads\/2020\/04\/DSC00393-2024x1139.jpg 2024w, https:\/\/villa-panda.com\/wp-content\/uploads\/2020\/04\/DSC00393-300x169.jpg 300w, https:\/\/villa-panda.com\/wp-content\/uploads\/2020\/04\/DSC00393-768x432.jpg 768w, https:\/\/villa-panda.com\/wp-content\/uploads\/2020\/04\/DSC00393-1536x864.jpg 1536w, https:\/\/villa-panda.com\/wp-content\/uploads\/2020\/04\/DSC00393-2048x1152.jpg 2048w\" sizes=\"(max-width: 1020px) 100vw, 1020px\" \/>\t\t\t\t\t\t\t\t\t\t\t<\/div>\n\t\t\t\t<\/div>\n\t\t\t\t<\/div>\n\t\t\t\t\t\t<\/div>\n\t\t\t\t\t<\/div>\n\t\t<\/div>\n\t\t\t\t<div class=\"elementor-column elementor-col-50 elementor-top-column elementor-element elementor-element-467d4d6\" data-id=\"467d4d6\" data-element_type=\"column\">\n\t\t\t<div class=\"elementor-column-wrap elementor-element-populated\">\n\t\t\t\t\t\t\t<div class=\"elementor-widget-wrap\">\n\t\t\t\t\t\t<div class=\"elementor-element elementor-element-fd99542 elementor-widget elementor-widget-heading\" data-id=\"fd99542\" data-element_type=\"widget\" data-widget_type=\"heading.default\">\n\t\t\t\t<div class=\"elementor-widget-container\">\n\t\t\t<h3 class=\"elementor-heading-title elementor-size-default\">PH\u00d2NG \u0102N \u1ea4M C\u00daNG<\/h3>\t\t<\/div>\n\t\t\t\t<\/div>\n\t\t\t\t<div class=\"elementor-element elementor-element-431e6df elementor-widget elementor-widget-text-editor\" data-id=\"431e6df\" data-element_type=\"widget\" data-widget_type=\"text-editor.default\">\n\t\t\t\t<div class=\"elementor-widget-container\">\n\t\t\t\t\t<div class=\"elementor-text-editor elementor-clearfix\"><p style=\"background-color: rgba(255, 255, 255, 0.95);\">Ph\u00f2ng \u0103n \u1ea5m c\u00fang, ph\u00f2ng b\u1ebfp \u0111\u01b0\u1ee3c trang b\u1ecb ho\u00e0n h\u1ea3o v\u1edbi b\u1ebfp hi\u1ec7n \u0111\u1ea1i, t\u1ee7 l\u1ea1nh, l\u00f2 n\u01b0\u1edbng \u0111i\u1ec7n t\u1eed, n\u1ed3i c\u01a1m \u0111i\u1ec7n, \u1ea5m n\u1ea5u n\u01b0\u1edbc, v\u00e0 t\u1ea5t c\u1ea3 c\u00f4ng d\u1ee5ng c\u1ee5 b\u1ebfp, ph\u1ee5c v\u1ee5 nhu c\u1ea7u n\u1ea5u n\u01b0\u1edbng khi c\u1ea7n.<\/p><\/div>\n\t\t\t\t<\/div>\n\t\t\t\t<\/div>\n\t\t\t\t\t\t<\/div>\n\t\t\t\t\t<\/div>\n\t\t<\/div>\n\t\t\t\t\t\t\t\t<\/div>\n\t\t\t\t\t<\/div>\n\t\t<\/section>\n\t\t\t\t<section class=\"elementor-section elementor-top-section elementor-element elementor-element-69922c6 elementor-section-full_width elementor-section-height-min-height elementor-section-height-default elementor-section-items-middle\" data-id=\"69922c6\" data-element_type=\"section\">\n\t\t\t\t\t\t<div class=\"elementor-container elementor-column-gap-default\">\n\t\t\t\t\t\t\t<div class=\"elementor-row\">\n\t\t\t\t\t<div class=\"elementor-column elementor-col-50 elementor-top-column elementor-element elementor-element-21d2943\" data-id=\"21d2943\" data-element_type=\"column\">\n\t\t\t<div class=\"elementor-column-wrap elementor-element-populated\">\n\t\t\t\t\t\t\t<div class=\"elementor-widget-wrap\">\n\t\t\t\t\t\t<div class=\"elementor-element elementor-element-269eb8d elementor-widget elementor-widget-heading\" data-id=\"269eb8d\" data-element_type=\"widget\" data-widget_type=\"heading.default\">\n\t\t\t\t<div class=\"elementor-widget-container\">\n\t\t\t<h3 class=\"elementor-heading-title elementor-size-default\">VILLA 4 PH\u00d2NG NG\u1ee6\n<\/h3>\t\t<\/div>\n\t\t\t\t<\/div>\n\t\t\t\t<div class=\"elementor-element elementor-element-7acc3cf elementor-widget elementor-widget-text-editor\" data-id=\"7acc3cf\" data-element_type=\"widget\" data-widget_type=\"text-editor.default\">\n\t\t\t\t<div class=\"elementor-widget-container\">\n\t\t\t\t\t<div class=\"elementor-text-editor elementor-clearfix\"><p>M\u1ed7i c\u0103n bi\u1ec7t th\u1ef1 Panda c\u00f3 4 ph\u00f2ng ng\u1ee7 v\u1edbi ph\u00f2ng t\u1eafm v\u00e0 ban c\u00f4ng ri\u00eang, ph\u00f2ng kh\u00e1ch, s\u00e2n v\u01b0\u1eddn v\u00e0 b\u1ebfp v\u1edbi \u0111\u1ea7y \u0111\u1ee7 trang thi\u1ebft b\u1ecb c\u1ea7n thi\u1ebft. Panda Villa mang \u0111\u1ebfn cho qu\u00fd kh\u00e1ch nh\u1eefng tr\u1ea3i nghi\u1ec7m tho\u1ea3i m\u00e1i v\u00e0 th\u00e2n quen nh\u01b0 ch\u00ednh ng\u00f4i nh\u00e0 c\u1ee7a m\u00ecnh.<\/p><\/div>\n\t\t\t\t<\/div>\n\t\t\t\t<\/div>\n\t\t\t\t\t\t<\/div>\n\t\t\t\t\t<\/div>\n\t\t<\/div>\n\t\t\t\t<div class=\"elementor-column elementor-col-50 elementor-top-column elementor-element elementor-element-3ff39ec\" data-id=\"3ff39ec\" data-element_type=\"column\">\n\t\t\t<div class=\"elementor-column-wrap elementor-element-populated\">\n\t\t\t\t\t\t\t<div class=\"elementor-widget-wrap\">\n\t\t\t\t\t\t<div class=\"elementor-element elementor-element-4d89e9b elementor-widget elementor-widget-image\" data-id=\"4d89e9b\" data-element_type=\"widget\" data-widget_type=\"image.default\">\n\t\t\t\t<div class=\"elementor-widget-container\">\n\t\t\t\t\t<div class=\"elementor-image\">\n\t\t\t\t\t\t\t\t\t\t<img width=\"1020\" height=\"574\" src=\"https:\/\/villa-panda.com\/wp-content\/uploads\/2020\/03\/DSC00278-1.jpg\" class=\"attachment-large size-large\" alt=\"\" decoding=\"async\" loading=\"lazy\" srcset=\"https:\/\/villa-panda.com\/wp-content\/uploads\/2020\/03\/DSC00278-1.jpg 1600w, https:\/\/villa-panda.com\/wp-content\/uploads\/2020\/03\/DSC00278-1-300x169.jpg 300w, https:\/\/villa-panda.com\/wp-content\/uploads\/2020\/03\/DSC00278-1-768x432.jpg 768w, https:\/\/villa-panda.com\/wp-content\/uploads\/2020\/03\/DSC00278-1-1536x864.jpg 1536w\" sizes=\"(max-width: 1020px) 100vw, 1020px\" \/>\t\t\t\t\t\t\t\t\t\t\t<\/div>\n\t\t\t\t<\/div>\n\t\t\t\t<\/div>\n\t\t\t\t\t\t<\/div>\n\t\t\t\t\t<\/div>\n\t\t<\/div>\n\t\t\t\t\t\t\t\t<\/div>\n\t\t\t\t\t<\/div>\n\t\t<\/section>\n\t\t\t\t<section class=\"elementor-section elementor-top-section elementor-element elementor-element-1c118a6 elementor-section-full_width elementor-reverse-mobile elementor-section-height-default elementor-section-height-default\" data-id=\"1c118a6\" data-element_type=\"section\">\n\t\t\t\t\t\t<div class=\"elementor-container elementor-column-gap-default\">\n\t\t\t\t\t\t\t<div class=\"elementor-row\">\n\t\t\t\t\t<div class=\"elementor-column elementor-col-50 elementor-top-column elementor-element elementor-element-4397628\" data-id=\"4397628\" data-element_type=\"column\">\n\t\t\t<div class=\"elementor-column-wrap elementor-element-populated\">\n\t\t\t\t\t\t\t<div class=\"elementor-widget-wrap\">\n\t\t\t\t\t\t<div class=\"elementor-element elementor-element-7589d81 elementor-widget elementor-widget-image\" data-id=\"7589d81\" data-element_type=\"widget\" data-widget_type=\"image.default\">\n\t\t\t\t<div class=\"elementor-widget-container\">\n\t\t\t\t\t<div class=\"elementor-image\">\n\t\t\t\t\t\t\t\t\t\t<img width=\"1020\" height=\"638\" src=\"https:\/\/villa-panda.com\/wp-content\/uploads\/2020\/05\/59eac59f24eb0.jpg1_.jpg\" class=\"attachment-large size-large\" alt=\"\" decoding=\"async\" loading=\"lazy\" srcset=\"https:\/\/villa-panda.com\/wp-content\/uploads\/2020\/05\/59eac59f24eb0.jpg1_.jpg 1440w, https:\/\/villa-panda.com\/wp-content\/uploads\/2020\/05\/59eac59f24eb0.jpg1_-300x188.jpg 300w, https:\/\/villa-panda.com\/wp-content\/uploads\/2020\/05\/59eac59f24eb0.jpg1_-768x480.jpg 768w\" sizes=\"(max-width: 1020px) 100vw, 1020px\" \/>\t\t\t\t\t\t\t\t\t\t\t<\/div>\n\t\t\t\t<\/div>\n\t\t\t\t<\/div>\n\t\t\t\t\t\t<\/div>\n\t\t\t\t\t<\/div>\n\t\t<\/div>\n\t\t\t\t<div class=\"elementor-column elementor-col-50 elementor-top-column elementor-element elementor-element-4dc80f5\" data-id=\"4dc80f5\" data-element_type=\"column\">\n\t\t\t<div class=\"elementor-column-wrap elementor-element-populated\">\n\t\t\t\t\t\t\t<div class=\"elementor-widget-wrap\">\n\t\t\t\t\t\t<div class=\"elementor-element elementor-element-b986daa elementor-widget elementor-widget-heading\" data-id=\"b986daa\" data-element_type=\"widget\" data-widget_type=\"heading.default\">\n\t\t\t\t<div class=\"elementor-widget-container\">\n\t\t\t<h3 class=\"elementor-heading-title elementor-size-default\">PH\u00d2NG T\u1eaeM<\/h3>\t\t<\/div>\n\t\t\t\t<\/div>\n\t\t\t\t<div class=\"elementor-element elementor-element-9d27f4d elementor-widget elementor-widget-text-editor\" data-id=\"9d27f4d\" data-element_type=\"widget\" data-widget_type=\"text-editor.default\">\n\t\t\t\t<div class=\"elementor-widget-container\">\n\t\t\t\t\t<div class=\"elementor-text-editor elementor-clearfix\">Thi\u1ebft b\u1ecb ph\u00f2ng t\u1eafm cao c\u1ea5p | V\u00f2i hoa sen v\u00e0 b\u1ed3n t\u1eafm | M\u00e1y s\u1ea5y t\u00f3c | \u00c1o cho\u00e0ng t\u1eafm v\u00e0 d\u00e9p \u0111i trong ph\u00f2ng.\n\n<\/div>\n\t\t\t\t<\/div>\n\t\t\t\t<\/div>\n\t\t\t\t\t\t<\/div>\n\t\t\t\t\t<\/div>\n\t\t<\/div>\n\t\t\t\t\t\t\t\t<\/div>\n\t\t\t\t\t<\/div>\n\t\t<\/section>\n\t\t\t\t\t\t<\/div>\n\t\t\t\t\t\t<\/div>\n\t\t\t\t\t<\/div>\n\t\t","protected":false},"excerpt":{"rendered":"<p>Villa Panda MUI NE Qu\u00fd kh\u00e1ch s\u1ebd h\u00e0i v\u1edbi s\u00e2n v\u01b0\u1eddn bao quanh, c\u00f3 gara \u0111\u1eadu xe an to\u00e0n, \u0111\u01b0\u1ee3c trang tr\u00ed theo phong c\u00e1ch hi\u1ec7n \u0111\u1ea1i, ti\u1ec7n \u00edch nh\u1ea5t, s\u1ebd mang l\u1ea1i cho qu\u00ed kh\u00e1ch c\u1ea3m gi\u00e1c th\u1eadt s\u1ef1 d\u1ec5 ch\u1ecbu khi v\u1eeba \u0111\u1eb7t ch\u00e2n \u0111\u1ebfn. \u0110\u1eb7c b\u1ecb\u00eat qu\u00ed kh\u00e1ch c\u00f3 th\u1ec3 t\u1eadn h\u01b0\u1edfng [&#8230;]\n","protected":false},"author":1,"featured_media":0,"parent":0,"menu_order":0,"comment_status":"closed","ping_status":"closed","template":"","meta":[],"yoast_head":"<!-- This site is optimized with the Yoast SEO Premium plugin v16.0.2 - https:\/\/yoast.com\/wordpress\/plugins\/seo\/ -->\n<title>Villa - Villa Panda Mui Ne<\/title>\n<link rel=\"canonical\" href=\"https:\/\/villa-panda.com\/villa-panda-mui-ne\/\" \/>\n<meta property=\"og:locale\" content=\"en_US\" \/>\n<meta property=\"og:type\" content=\"article\" \/>\n<meta property=\"og:title\" content=\"Villa - Villa Panda Mui Ne\" \/>\n<meta property=\"og:description\" content=\"Villa Panda MUI NE Qu\u00fd kh\u00e1ch s\u1ebd h\u00e0i v\u1edbi s\u00e2n v\u01b0\u1eddn bao quanh, c\u00f3 gara \u0111\u1eadu xe an to\u00e0n, \u0111\u01b0\u1ee3c trang tr\u00ed theo phong c\u00e1ch hi\u1ec7n \u0111\u1ea1i, ti\u1ec7n \u00edch nh\u1ea5t, s\u1ebd mang l\u1ea1i cho qu\u00ed kh\u00e1ch c\u1ea3m gi\u00e1c th\u1eadt s\u1ef1 d\u1ec5 ch\u1ecbu khi v\u1eeba \u0111\u1eb7t ch\u00e2n \u0111\u1ebfn. \u0110\u1eb7c b\u1ecb\u00eat qu\u00ed kh\u00e1ch c\u00f3 th\u1ec3 t\u1eadn h\u01b0\u1edfng [...]\" \/>\n<meta property=\"og:url\" content=\"https:\/\/villa-panda.com\/villa-panda-mui-ne\/\" \/>\n<meta property=\"og:site_name\" content=\"Villa Panda Mui Ne\" \/>\n<meta property=\"article:modified_time\" content=\"2021-03-12T04:52:29+00:00\" \/>\n<meta property=\"og:image\" content=\"http:\/\/villa-panda.com\/wp-content\/uploads\/2020\/03\/DSC00349.jpg\" \/>\n<meta name=\"twitter:card\" content=\"summary_large_image\" \/>\n<meta name=\"twitter:label1\" content=\"Est. reading time\">\n\t<meta name=\"twitter:data1\" content=\"12 minutes\">\n<script type=\"application\/ld+json\" class=\"yoast-schema-graph\">{\"@context\":\"https:\/\/schema.org\",\"@graph\":[{\"@type\":\"WebSite\",\"@id\":\"https:\/\/villa-panda.com\/#website\",\"url\":\"https:\/\/villa-panda.com\/\",\"name\":\"Villa Panda Mui Ne\",\"description\":\"at Sea Links Golf Resort\",\"potentialAction\":[{\"@type\":\"SearchAction\",\"target\":\"https:\/\/villa-panda.com\/?s={search_term_string}\",\"query-input\":\"required name=search_term_string\"}],\"inLanguage\":\"en-US\"},{\"@type\":\"ImageObject\",\"@id\":\"https:\/\/villa-panda.com\/villa-panda-mui-ne\/#primaryimage\",\"inLanguage\":\"en-US\",\"url\":\"http:\/\/villa-panda.com\/wp-content\/uploads\/2020\/03\/DSC00349.jpg\"},{\"@type\":\"WebPage\",\"@id\":\"https:\/\/villa-panda.com\/villa-panda-mui-ne\/#webpage\",\"url\":\"https:\/\/villa-panda.com\/villa-panda-mui-ne\/\",\"name\":\"Villa - Villa Panda Mui Ne\",\"isPartOf\":{\"@id\":\"https:\/\/villa-panda.com\/#website\"},\"primaryImageOfPage\":{\"@id\":\"https:\/\/villa-panda.com\/villa-panda-mui-ne\/#primaryimage\"},\"datePublished\":\"2020-03-11T03:00:22+00:00\",\"dateModified\":\"2021-03-12T04:52:29+00:00\",\"breadcrumb\":{\"@id\":\"https:\/\/villa-panda.com\/villa-panda-mui-ne\/#breadcrumb\"},\"inLanguage\":\"en-US\",\"potentialAction\":[{\"@type\":\"ReadAction\",\"target\":[\"https:\/\/villa-panda.com\/villa-panda-mui-ne\/\"]}]},{\"@type\":\"BreadcrumbList\",\"@id\":\"https:\/\/villa-panda.com\/villa-panda-mui-ne\/#breadcrumb\",\"itemListElement\":[{\"@type\":\"ListItem\",\"position\":1,\"item\":{\"@type\":\"WebPage\",\"@id\":\"https:\/\/villa-panda.com\/\",\"url\":\"https:\/\/villa-panda.com\/\",\"name\":\"Home\"}},{\"@type\":\"ListItem\",\"position\":2,\"item\":{\"@type\":\"WebPage\",\"@id\":\"https:\/\/villa-panda.com\/villa-panda-mui-ne\/\",\"url\":\"https:\/\/villa-panda.com\/villa-panda-mui-ne\/\",\"name\":\"VILLA PANDA MUI NE\"}}]}]}<\/script>\n<!-- \/ Yoast SEO Premium plugin. -->","_links":{"self":[{"href":"https:\/\/villa-panda.com\/en\/wp-json\/wp\/v2\/pages\/316"}],"collection":[{"href":"https:\/\/villa-panda.com\/en\/wp-json\/wp\/v2\/pages"}],"about":[{"href":"https:\/\/villa-panda.com\/en\/wp-json\/wp\/v2\/types\/page"}],"author":[{"embeddable":true,"href":"https:\/\/villa-panda.com\/en\/wp-json\/wp\/v2\/users\/1"}],"replies":[{"embeddable":true,"href":"https:\/\/villa-panda.com\/en\/wp-json\/wp\/v2\/comments?post=316"}],"version-history":[{"count":27,"href":"https:\/\/villa-panda.com\/en\/wp-json\/wp\/v2\/pages\/316\/revisions"}],"predecessor-version":[{"id":1008,"href":"https:\/\/villa-panda.com\/en\/wp-json\/wp\/v2\/pages\/316\/revisions\/1008"}],"wp:attachment":[{"href":"https:\/\/villa-panda.com\/en\/wp-json\/wp\/v2\/media?parent=316"}],"curies":[{"name":"wp","href":"https:\/\/api.w.org\/{rel}","templated":true}]}}